{"id":84,"date":"2026-02-05T13:14:31","date_gmt":"2026-02-05T13:14:31","guid":{"rendered":"https:\/\/www.aafp23.com\/?page_id=84"},"modified":"2026-02-06T10:52:55","modified_gmt":"2026-02-06T10:52:55","slug":"qui-sommes-nous","status":"publish","type":"page","link":"https:\/\/www.aafp23.com\/index.php\/qui-sommes-nous\/","title":{"rendered":"Qui sommes nous"},"content":{"rendered":"\n<figure class=\"wp-block-image aligncenter size-large is-resized\"><img loading=\"lazy\" decoding=\"async\" width=\"1024\" height=\"75\" src=\"https:\/\/www.aafp23.com\/wp-content\/uploads\/2026\/02\/image-6-1024x75.png\" alt=\"\" class=\"wp-image-111\" style=\"aspect-ratio:13.652174030224636;width:901px;height:auto\" srcset=\"https:\/\/www.aafp23.com\/wp-content\/uploads\/2026\/02\/image-6-1024x75.png 1024w, https:\/\/www.aafp23.com\/wp-content\/uploads\/2026\/02\/image-6-300x22.png 300w, https:\/\/www.aafp23.com\/wp-content\/uploads\/2026\/02\/image-6-768x56.png 768w, https:\/\/www.aafp23.com\/wp-content\/uploads\/2026\/02\/image-6.png 1125w\" sizes=\"auto, (max-width: 1024px) 100vw, 1024px\" \/><\/figure>\n\n\n\n<p class=\"has-text-align-center\"><mark style=\"background-color:rgba(0, 0, 0, 0);color:#2622c6\" class=\"has-inline-color\"><strong>Le partenaire de l&rsquo;optimisation de votre entreprise. <\/strong><\/mark><\/p>\n\n\n\n<p class=\"has-text-align-center\"><mark style=\"background-color:rgba(0, 0, 0, 0);color:#2622c6\" class=\"has-inline-color\"><strong>Nos services pour mieux se positionner dans l&rsquo;international.<\/strong><\/mark><\/p>\n\n\n\n<figure class=\"wp-block-image aligncenter size-full is-resized\"><img loading=\"lazy\" decoding=\"async\" width=\"755\" height=\"698\" src=\"https:\/\/www.aafp23.com\/wp-content\/uploads\/2026\/02\/image-4.png\" alt=\"\" class=\"wp-image-85\" style=\"width:451px;height:auto\" srcset=\"https:\/\/www.aafp23.com\/wp-content\/uploads\/2026\/02\/image-4.png 755w, https:\/\/www.aafp23.com\/wp-content\/uploads\/2026\/02\/image-4-300x277.png 300w\" sizes=\"auto, (max-width: 755px) 100vw, 755px\" \/><\/figure>\n\n\n\n<p class=\"has-text-align-center\"><strong>Notre approche&nbsp;&nbsp; <mark style=\"background-color:rgba(0, 0, 0, 0);color:#d80808\" class=\"has-inline-color\">A2P <\/mark>:La recherche&nbsp; <mark style=\"background-color:rgba(0, 0, 0, 0);color:#d80808\" class=\"has-inline-color\">Action<\/mark>,<\/strong><\/p>\n\n\n\n<p class=\"has-text-align-center\"><strong>&nbsp;Le travail par&nbsp; <mark style=\"background-color:rgba(0, 0, 0, 0);color:#d80808\" class=\"has-inline-color\">Projet<\/mark>, &nbsp;et <mark style=\"background-color:rgba(0, 0, 0, 0);color:#d80808\" class=\"has-inline-color\">Partenariat<\/mark>.<\/strong><\/p>\n\n\n\n<p class=\"has-text-align-center\"><strong>Avec&nbsp;&nbsp; nos partenaires Internationaux&nbsp; et nos personnels&nbsp; Universitaires&nbsp; renomm\u00e9s, qualifi\u00e9s&nbsp; et exp\u00e9riment\u00e9s;&nbsp; 2AFP, assure&nbsp; une garantie de la qualit\u00e9 des prestations personnalis\u00e9es et normalis\u00e9es dans une vision d\u2019excellence.<\/strong><\/p>\n\n\n\n<ul class=\"wp-block-list\">\n<li><strong>Certification \u00e0 l\u2019international;<\/strong><\/li>\n\n\n\n<li><strong>Formation qualifiante;<\/strong><\/li>\n\n\n\n<li><strong>Formation sur mesure \u00e0 la demande<\/strong>;<\/li>\n<\/ul>\n\n\n\n<figure class=\"wp-block-image aligncenter size-full is-resized\"><img loading=\"lazy\" decoding=\"async\" width=\"950\" height=\"733\" src=\"https:\/\/www.aafp23.com\/wp-content\/uploads\/2026\/02\/image-5.png\" alt=\"\" class=\"wp-image-110\" style=\"aspect-ratio:1.2960600509971154;width:630px;height:auto\" srcset=\"https:\/\/www.aafp23.com\/wp-content\/uploads\/2026\/02\/image-5.png 950w, https:\/\/www.aafp23.com\/wp-content\/uploads\/2026\/02\/image-5-300x231.png 300w, https:\/\/www.aafp23.com\/wp-content\/uploads\/2026\/02\/image-5-768x593.png 768w\" sizes=\"auto, (max-width: 950px) 100vw, 950px\" \/><\/figure>\n\n\n\n<p class=\"has-text-align-center\"><mark style=\"background-color:rgba(0, 0, 0, 0);color:#052cb7\" class=\"has-inline-color\"><strong>Avec\u00a0 nos partenaires Internationaux,<\/strong> <strong>nous assurons des prestations de\u00a0 qualit\u00e9 normalis\u00e9e dans une vision d\u2019excellence.<\/strong><\/mark><\/p>\n\n\n\n<p><\/p>\n","protected":false},"excerpt":{"rendered":"<p>Le partenaire de l&rsquo;optimisation de votre entreprise. Nos services pour mieux se positionner dans l&rsquo;international. Notre approche&nbsp;&nbsp; A2P :La recherche&nbsp; Action, &nbsp;Le travail par&nbsp; Projet, &nbsp;et Partenariat. Avec&nbsp;&nbsp; nos partenaires Internationaux&nbsp; et nos personnels&nbsp; Universitaires&nbsp; renomm\u00e9s, qualifi\u00e9s&nbsp; et exp\u00e9riment\u00e9s;&nbsp; 2AFP, assure&nbsp; une garantie de la qualit\u00e9 des prestations personnalis\u00e9es et normalis\u00e9es dans une vision d\u2019excellence. [&hellip;]<\/p>\n","protected":false},"author":1,"featured_media":0,"parent":0,"menu_order":0,"comment_status":"closed","ping_status":"closed","template":"","meta":{"footnotes":""},"class_list":["post-84","page","type-page","status-publish","hentry"],"_links":{"self":[{"href":"https:\/\/www.aafp23.com\/index.php\/wp-json\/wp\/v2\/pages\/84","targetHints":{"allow":["GET"]}}],"collection":[{"href":"https:\/\/www.aafp23.com\/index.php\/wp-json\/wp\/v2\/pages"}],"about":[{"href":"https:\/\/www.aafp23.com\/index.php\/wp-json\/wp\/v2\/types\/page"}],"author":[{"embeddable":true,"href":"https:\/\/www.aafp23.com\/index.php\/wp-json\/wp\/v2\/users\/1"}],"replies":[{"embeddable":true,"href":"https:\/\/www.aafp23.com\/index.php\/wp-json\/wp\/v2\/comments?post=84"}],"version-history":[{"count":4,"href":"https:\/\/www.aafp23.com\/index.php\/wp-json\/wp\/v2\/pages\/84\/revisions"}],"predecessor-version":[{"id":113,"href":"https:\/\/www.aafp23.com\/index.php\/wp-json\/wp\/v2\/pages\/84\/revisions\/113"}],"wp:attachment":[{"href":"https:\/\/www.aafp23.com\/index.php\/wp-json\/wp\/v2\/media?parent=84"}],"curies":[{"name":"wp","href":"https:\/\/api.w.org\/{rel}","templated":true}]}}