{"id":59,"date":"2026-02-05T12:41:43","date_gmt":"2026-02-05T12:41:43","guid":{"rendered":"https:\/\/www.aafp23.com\/?page_id=59"},"modified":"2026-02-05T12:41:43","modified_gmt":"2026-02-05T12:41:43","slug":"activites","status":"publish","type":"page","link":"https:\/\/www.aafp23.com\/index.php\/activites\/","title":{"rendered":"Activit\u00e9s"},"content":{"rendered":"\n<p class=\"has-text-align-center\"><strong><mark style=\"background-color:#ffffff;color:#1a4fb8\" class=\"has-inline-color\">Assistances, conseil et accompagnement audit et analyse<\/mark><\/strong><\/p>\n\n\n\n<p>Pour bien pr\u00e9senter nos produits, nos services et notre expertise en mati\u00e8re d\u2019Audit- Assistance-Conseil-Formation de 2AFP et notre D\u00e9partement d\u2019Etudes de Recherche et de d\u00e9veloppement des Comp\u00e9tences DERDEC, nous vous pr\u00e9sentons nos expertises en mati\u00e8re :<\/p>\n\n\n\n<ul class=\"wp-block-list\">\n<li>Audit- Assistance- Conseil :<ul><li>Assistance et accompagnement ;<\/li><\/ul><ul><li>Accompagnement \u00e0 la certification Qualit\u00e9 selon les normes ISO ;<\/li><\/ul><ul><li>\u00c9tudes des projets ;<\/li><\/ul><ul><li>Recrutement ;<\/li><\/ul><ul><li>Bilan de comp\u00e9tence ;<\/li><\/ul><ul><li>Diagnostic et analyse du syst\u00e8me des ressources humaines ;<\/li><\/ul>\n<ul class=\"wp-block-list\">\n<li>Accompagnement des jeunes ;<\/li>\n<\/ul>\n<\/li>\n\n\n\n<li>Formation qualifiante et certification \u00e0 distance :<ul><li>Certification en internationale ;<\/li><\/ul><ul><li>Formations planifi\u00e9es et sp\u00e9cifiques.<\/li><\/ul>\n<ul class=\"wp-block-list\">\n<li>Validation des acquis des exp\u00e9rience (dipl\u00f4mes reconnus par l\u2019\u00e9tat fran\u00e7ais)<\/li>\n<\/ul>\n<\/li>\n\n\n\n<li>Formation dipl\u00f4mante en ligne<ul><li>Programmes en distanciel :<ul><li>EDBA : Ex\u00e9cutive Doctorate in Business Administration du Business;<\/li><\/ul><ul><li>EMBA <em>Executive <\/em>Master of Business Administration<\/li><\/ul><\/li><\/ul>\n<ul class=\"wp-block-list\">\n<li>Programmes e-learning : Dipl\u00f4mes reconnus par l\u2019\u00e9tat fran\u00e7ais<ul><li>Mast\u00e8re Dipl\u00f4me RNCP niveau 1 ;<\/li><\/ul>\n<ul class=\"wp-block-list\">\n<li>Bachelor Dipl\u00f4me RNCP niveau 2.<\/li>\n<\/ul>\n<\/li>\n<\/ul>\n<\/li>\n\n\n\n<li>Actions des travaux divers<ul><li>Vente des fournitures consommables,<\/li><\/ul><ul><li>Mat\u00e9riels \u00e9lectroniques, informatiques, cam\u00e9ras de surveillance etc..<\/li><\/ul>\n<ul class=\"wp-block-list\">\n<li>La fabrication, montage et entretien de tous les ouvrages courants de Menuiserie aluminium, li\u00e9s au secteur du b\u00e2timent.<\/li>\n<\/ul>\n<\/li>\n<\/ul>\n\n\n\n<p>Nos Deux structures et les diff\u00e9rents d\u00e9partements :<\/p>\n\n\n\n<ul class=\"wp-block-list\">\n<li>Pr\u00e9sentation et structure de notre soci\u00e9t\u00e9 ;<\/li>\n\n\n\n<li>D\u00e9localisation des validations des acquis pour l\u2019obtention des dipl\u00f4mes reconnus<\/li>\n\n\n\n<li>en France \u00e0 notre soci\u00e9t\u00e9 ;<\/li>\n\n\n\n<li>Actions r\u00e9alis\u00e9es et nos r\u00e9f\u00e9rences<\/li>\n\n\n\n<li>Diff\u00e9rentes actions de formation<strong> : formations qualifiantes, certifi\u00e9es en international et sp\u00e9cifique \u00e0 la demande<\/strong><\/li>\n<\/ul>\n\n\n\n<p>Toutes nos propositions feront l\u2019objet d\u2019un engagement, Chiffr\u00e9 en terme temps et de co\u00fbt de r\u00e9alisation.<\/p>\n\n\n\n<ol class=\"wp-block-list\">\n<li><strong>Assistance du partenaire pour la recherche des nouveaux partenaires \u00e9trangers<\/strong><\/li>\n<\/ol>\n\n\n\n<p><strong>Objectif :<\/strong><\/p>\n\n\n\n<p>D\u00e9localiser des dipl\u00f4mes \u00e9trangers Bachelor, Master et la mise en place des ann\u00e9es pr\u00e9paratoires<\/p>\n\n\n\n<p>pour l\u2019acc\u00e8s aux grandes \u00e9coles d\u2019ing\u00e9nieurs en France 2AFP et ses partenaire.<\/p>\n\n\n\n<ul class=\"wp-block-list\">\n<li>L\u2019organisation des actions de formations continues pour :<ul><li>Les animateurs de l\u2019alphab\u00e9tisation ;<\/li><\/ul><ul><li>Des enseignants ;<\/li><\/ul><ul><li>Des directeurs des \u00e9coles ;<\/li><\/ul><ul><li>Les chefs d\u2019\u00e9tablissements ;<\/li><\/ul><ul><li>Les conseillers p\u00e9dagogiques et d\u2019orientation;<\/li><\/ul>\n<ul class=\"wp-block-list\">\n<li>Les inspecteurs.<\/li>\n<\/ul>\n<\/li>\n<\/ul>\n\n\n\n<p><strong>D\u00e9partement formation continue Assur<\/strong>\u00e9<strong> par notre 2AFP<\/strong><\/p>\n\n\n\n<ul class=\"wp-block-list\">\n<li>\u00a0\u00a0\u00a0\u00a0Accompagnement pour le d\u00e9marrage des fili\u00e8res de formation<\/li>\n<\/ul>\n\n\n\n<ul class=\"wp-block-list\">\n<li><strong>Formation des formateurs<\/strong><\/li>\n<\/ul>\n\n\n\n<p>Formation et perfectionnement des formateurs pour chaque fili\u00e8re de haut niveau, qualifi\u00e9s, adapt\u00e9s au contexte national et international directement op\u00e9rationnel en mati\u00e8re des m\u00e9thodes p\u00e9dagogiques et u transfert l\u2019apprentissage selon des normes exig\u00e9es ;<\/p>\n\n\n\n<ul class=\"wp-block-list\">\n<li>Mise en place des Programmes pour les fili\u00e8res :<\/li>\n<\/ul>\n\n\n\n<ul class=\"wp-block-list\">\n<li>Niveau : Technicien et qualification\u00a0;<\/li>\n\n\n\n<li>Niveau : Technicien Sp\u00e9cialis\u00e9, BTS , DUT\u00a0;<\/li>\n\n\n\n<li>Niveau\u00a0: Bachelor\u00a0;<\/li>\n\n\n\n<li>Niveau\u00a0: Master<\/li>\n\n\n\n<li>DBA\u00a0:\u00a0 Doctor of business administration<\/li>\n\n\n\n<li>Offrir des \u00ab Certificat en international \u00bb (voir Brochure de 2AFP).<\/li>\n<\/ul>\n\n\n\n<ul class=\"wp-block-list\"><\/ul>\n\n\n\n<p>Un \u00ab Certificat en international \u00bb se r\u00e9alise soit en ligne ou en r\u00e9sidentiel en deux \u00e9tapes :<\/p>\n\n\n\n<ul class=\"wp-block-list\">\n<li>Une p\u00e9riode de formation de 5 \u00e0 10 jours assur\u00e9e la soci\u00e9t\u00e9 2AFP et son D\u00e9partement D\u2019Etudes de Recherche et de D\u00e9veloppement des Comp\u00e9tences DERDEC.<\/li>\n\n\n\n<li>Examen de fin de formation qui d\u00e9bouche \u00e0 la livraison du certificat par un organisme renomm\u00e9 en International.<\/li>\n<\/ul>\n\n\n\n<p>\u00a0\u00a0\u00a0\u00a0\u00a0\u00a0\u00a0\u00a0\u00a0\u00a0\u00a0\u00a0\u00a0\u00a0\u00a0\u00a0\u00a0\u00a0\u00a0\u00a0\u00a0\u00a0\u00a0\u00a0\u00a0\u00a0 Offrir des \u00ab Certificats de perfectionnement \u00bb co-d\u00e9livr\u00e9s et co-sign\u00e9s par 2AFP et son D\u00e9partement \u00a0d\u2019Etudes de Recherche et de D\u00e9veloppement des Comp\u00e9tences <strong>DERDEC<\/strong><\/p>\n\n\n\n<p>7. Formation continue<\/p>\n\n\n\n<ul class=\"wp-block-list\">\n<li>Ing\u00e9nierie de formation, \u00c9laboration des plans de formation ;<ul><li>Formations : qualifiantes planifi\u00e9es et sp\u00e9cifiques et certifi\u00e9es, (Voir Th\u00e8mes propos\u00e9s).<\/li><\/ul><ul><li>Formation et perfectionnement sp\u00e9cifique des nouveaux recrus ;<\/li><\/ul><ul><li>Formation et Accompagnement des porteurs de projets .<\/li><\/ul>\n<ul class=\"wp-block-list\">\n<li>Renforcer l\u2019ing\u00e9nierie sociale en mati\u00e8re de formation et perfectionnement des comp\u00e9tences.<\/li>\n<\/ul>\n<\/li>\n<\/ul>\n\n\n\n<ul class=\"wp-block-list\">\n<li>\u00c9tude du syst\u00e8me d&rsquo;information pour le pilotage et la gestion.<\/li>\n<\/ul>\n\n\n\n<ul class=\"wp-block-list\">\n<li><strong>Mise en place d\u2019un syst\u00e8me de gouvernance orient\u00e9 gestion ax\u00e9e sur les r\u00e9sultats.<\/strong><\/li>\n<\/ul>\n\n\n\n<ul class=\"wp-block-list\">\n<li>Etude et \u00e9valuation :<ul><li>Des \u00e9tablissements de formation professionnelle ;<\/li><\/ul><ul><li>Des programmes de formation ;<\/li><\/ul>\n<ul class=\"wp-block-list\">\n<li>De la qualit\u00e9 de la formation.<\/li>\n<\/ul>\n<\/li>\n<\/ul>\n\n\n\n<p><strong>5.&nbsp;&nbsp;&nbsp;&nbsp;&nbsp;&nbsp; Elaboration des programmes de promotion de l\u2019Emploi sp\u00e9cifique pour les Jeunes chercheurs d\u2019emploi.<\/strong><strong><\/strong><\/p>\n\n\n\n<p>6.&nbsp;&nbsp;&nbsp;&nbsp;&nbsp; Organisation des Ateliers de recherche d&#8217;emploi ou cr\u00e9ateurs de projets ;<\/p>\n\n\n\n<p><strong>7.&nbsp;&nbsp;&nbsp;&nbsp;&nbsp; R\u00e9alisation des bilans de comp\u00e9tence des chercheurs d\u2019emploi et des porteurs de projets ;<\/strong><\/p>\n\n\n\n<p><strong>8<\/strong><strong>.&nbsp;&nbsp;&nbsp;&nbsp;&nbsp; R\u00e9alisation des enqu\u00eates sur le march\u00e9 de l\u2019emploi.<\/strong><strong><\/strong><\/p>\n\n\n\n<p>A cet effet, nous nous tenons \u00e0 votre disposition pour mener \u00e0 bonnes fins toute op\u00e9ration d\u2019expertise que vous choisiriez de nous confier, tout en vous assurant de notre enti\u00e8re connaissance de l&rsquo;environnement des syst\u00e8mes d\u2019enseignement et de formation professionnelle.<\/p>\n\n\n\n<p>Nous vous proposerons des offres de prix pour chaque action selon vos besoins et vos priorit\u00e9s.<\/p>\n\n\n\n<p>Nous restons \u00e0 votre \u00e9coute pour des \u00e9ventuelles informations sur les diff\u00e9rentes questions et suggestions.<\/p>\n\n\n\n<ul class=\"wp-block-list\">\n<li><strong>Activit\u00e9s suite<\/strong><\/li>\n\n\n\n<li><strong>2AFP assure l\u2019accompagnement pour :<\/strong><\/li>\n<\/ul>\n\n\n\n<p><strong>&nbsp;&nbsp;&nbsp;&nbsp;&nbsp;&nbsp;&nbsp;&nbsp;&nbsp;&nbsp;&nbsp;&nbsp;&nbsp;&nbsp;&nbsp;&nbsp;&nbsp;&nbsp;&nbsp;&nbsp;&nbsp;&nbsp;&nbsp; la cr\u00e9ation des \u00e9tablissements de l\u2019enseignement sup\u00e9rieur :<\/strong><\/p>\n\n\n\n<ol class=\"wp-block-list\">\n<li><strong>Cr\u00e9ation d\u2019un nouvel \u00e9tablissement<\/strong><ol><li>Dossier administratif et technique ;<\/li><\/ol>\n<ol class=\"wp-block-list\">\n<li>Dossier p\u00e9dagogique ou descriptifs des fili\u00e8res (demande d\u2019autorisation).<\/li>\n<\/ol>\n<\/li>\n\n\n\n<li><strong>Extension ou transfert d\u2019un \u00e9tablissement d\u2019enseignement sup\u00e9rieur priv\u00e9<\/strong>\n<ol class=\"wp-block-list\">\n<li>Dossier administratif et technique.<\/li>\n<\/ol>\n<\/li>\n<\/ol>\n\n\n\n<p><strong>Accr\u00e9ditation d\u2019une fili\u00e8re de l\u2019enseignement sup\u00e9rieur priv\u00e9<\/strong><\/p>\n\n\n\n<ol class=\"wp-block-list\">\n<li><strong>Cahiers de charge<\/strong><\/li>\n<\/ol>\n\n\n\n<ul class=\"wp-block-list\">\n<li><strong>Descriptif des fili\u00e8res pour les niveaux de :<\/strong><ul><li>Formation 2 ans apr\u00e8s un dipl\u00f4me de Bac+3 ;<\/li><\/ul><ul><li>Formation 3 Ans apr\u00e8s les 2 Ann\u00e9es pr\u00e9paratoires (Formation en ing\u00e9nierie) ;<\/li><\/ul>\n<ul class=\"wp-block-list\">\n<li>Formation de deux ann\u00e9es pr\u00e9paratoires.<\/li>\n<\/ul>\n<\/li>\n<\/ul>\n\n\n\n<p><strong>Pour la cr\u00e9ation des \u00e9tablissements de formation professionnelle :<\/strong><\/p>\n\n\n\n<p><strong>2AFP, <\/strong>assure un accompagnateur les investisseurs dans le domaine de la formation professionnelle et sup\u00e9rieur, notamment pour la cr\u00e9ation des \u00e9tablissements de formation professionnelles et sup\u00e9rieurs :<\/p>\n\n\n\n<p><strong>Accompagnement et d\u00e9marches au niveau de :<\/strong><\/p>\n\n\n\n<ol class=\"wp-block-list\">\n<li>L\u2019Autorisation des Etablissements de Formation Professionnelle priv\u00e9e (EFPP);<\/li>\n\n\n\n<li>La qualification des fili\u00e8res ;<\/li>\n\n\n\n<li>La conformit\u00e9 des fili\u00e8res de formation aux normes arr\u00eat\u00e9es par l\u2019administration en mati\u00e8re de programmes et m\u00e9thodes, d\u2019encadrement administratif et p\u00e9dagogique, d\u2019\u00e9quipements, de locaux et de management des \u00e9tablissements priv\u00e9s de formation professionnelle.<\/li>\n\n\n\n<li>L\u2019Accr\u00e9ditation.<\/li>\n<\/ol>\n\n\n\n<p>L\u2019accr\u00e9ditation a pour objet d\u2019autoriser ces \u00e9tablissements \u00e0 organiser des examens, au profit des stagiaires ayant suivi leur formation dans ces \u00e9tablissements et d\u00e9livrer des dipl\u00f4mes vis\u00e9s par l\u2019administration.<\/p>\n\n\n\n<p><strong>Autorisation des Etablissements de Formation Professionnelle priv\u00e9s<\/strong><\/p>\n\n\n\n<p><strong>2AFP, <\/strong>assure pour vous pour la pr\u00e9paration des dossiers qui sont compos\u00e9s de:<\/p>\n\n\n\n<ol class=\"wp-block-list\">\n<li><strong>Le dossier technico p\u00e9dagogique<\/strong><ol><li>L\u2019\u00e9tude de faisabilit\u00e9;<\/li><\/ol><ol><li>Le projet p\u00e9dagogique;<\/li><\/ol>\n<ol class=\"wp-block-list\">\n<li>Le projet de formation;<\/li>\n<\/ol>\n<\/li>\n\n\n\n<li><strong>Le dossier administratif<\/strong><ol><li>Organisation et proc\u00e9dures<\/li><\/ol>\n<ol class=\"wp-block-list\">\n<li>Le r\u00e8glement int\u00e9rieur;<\/li>\n<\/ol>\n<\/li>\n\n\n\n<li><strong>La qualification des fili\u00e8res<\/strong>\n<ol class=\"wp-block-list\">\n<li>Demande de qualification des fili\u00e8res<\/li>\n<\/ol>\n<\/li>\n\n\n\n<li><strong>L\u2019Accr\u00e9ditation<\/strong><\/li>\n<\/ol>\n\n\n\n<p>&nbsp;&nbsp;&nbsp;&nbsp; Dossier de demande d\u2019accr\u00e9ditation des \u00e9tablissements de formation professionnelle priv\u00e9s.<\/p>\n\n\n\n<p><\/p>\n","protected":false},"excerpt":{"rendered":"<p>Assistances, conseil et accompagnement audit et analyse Pour bien pr\u00e9senter nos produits, nos services et notre expertise en mati\u00e8re d\u2019Audit- Assistance-Conseil-Formation de 2AFP et notre D\u00e9partement d\u2019Etudes de Recherche et de d\u00e9veloppement des Comp\u00e9tences DERDEC, nous vous pr\u00e9sentons nos expertises en mati\u00e8re : Nos Deux structures et les diff\u00e9rents d\u00e9partements : Toutes nos propositions feront [&hellip;]<\/p>\n","protected":false},"author":1,"featured_media":0,"parent":0,"menu_order":0,"comment_status":"closed","ping_status":"closed","template":"","meta":{"footnotes":""},"class_list":["post-59","page","type-page","status-publish","hentry"],"_links":{"self":[{"href":"https:\/\/www.aafp23.com\/index.php\/wp-json\/wp\/v2\/pages\/59","targetHints":{"allow":["GET"]}}],"collection":[{"href":"https:\/\/www.aafp23.com\/index.php\/wp-json\/wp\/v2\/pages"}],"about":[{"href":"https:\/\/www.aafp23.com\/index.php\/wp-json\/wp\/v2\/types\/page"}],"author":[{"embeddable":true,"href":"https:\/\/www.aafp23.com\/index.php\/wp-json\/wp\/v2\/users\/1"}],"replies":[{"embeddable":true,"href":"https:\/\/www.aafp23.com\/index.php\/wp-json\/wp\/v2\/comments?post=59"}],"version-history":[{"count":1,"href":"https:\/\/www.aafp23.com\/index.php\/wp-json\/wp\/v2\/pages\/59\/revisions"}],"predecessor-version":[{"id":60,"href":"https:\/\/www.aafp23.com\/index.php\/wp-json\/wp\/v2\/pages\/59\/revisions\/60"}],"wp:attachment":[{"href":"https:\/\/www.aafp23.com\/index.php\/wp-json\/wp\/v2\/media?parent=59"}],"curies":[{"name":"wp","href":"https:\/\/api.w.org\/{rel}","templated":true}]}}