{"id":55,"date":"2026-02-05T12:32:46","date_gmt":"2026-02-05T12:32:46","guid":{"rendered":"https:\/\/www.aafp23.com\/?page_id=55"},"modified":"2026-02-06T11:16:18","modified_gmt":"2026-02-06T11:16:18","slug":"partenaires","status":"publish","type":"page","link":"https:\/\/www.aafp23.com\/index.php\/partenaires\/","title":{"rendered":"Partenaires"},"content":{"rendered":"\n<p>Notre soci\u00e9t\u00e9 Agence Acad\u00e9mique Fran\u00e7aise Priv\u00e9e<strong>,<\/strong> dispose d\u2019un large partenariat International, ce qui nous permet d\u2019assurer des Prestations de qualit\u00e9 normalis\u00e9es dans une vision d\u2019excellence.<\/p>\n\n\n\n<figure class=\"wp-block-image aligncenter size-large is-resized\"><img loading=\"lazy\" decoding=\"async\" width=\"1024\" height=\"769\" src=\"https:\/\/www.aafp23.com\/wp-content\/uploads\/2026\/02\/image-3-1024x769.png\" alt=\"\" class=\"wp-image-56\" style=\"width:781px;height:auto\" srcset=\"https:\/\/www.aafp23.com\/wp-content\/uploads\/2026\/02\/image-3-1024x769.png 1024w, https:\/\/www.aafp23.com\/wp-content\/uploads\/2026\/02\/image-3-300x225.png 300w, https:\/\/www.aafp23.com\/wp-content\/uploads\/2026\/02\/image-3-768x577.png 768w, https:\/\/www.aafp23.com\/wp-content\/uploads\/2026\/02\/image-3.png 1031w\" sizes=\"auto, (max-width: 1024px) 100vw, 1024px\" \/><\/figure>\n\n\n\n<p>Bureaux d\u2019\u00e9tudes et formation et \u00e9coles sup\u00e9rieures :<\/p>\n\n\n\n<p>Au Maroc, en France, en Alg\u00e9rie, en Tunisie, en Mauritanie, au S\u00e9n\u00e9gal, au Cameroun, au Congo Brazzaville, Au Centrafrique et d\u2019autres en cours d\u2019\u00e9tudes.<\/p>\n","protected":false},"excerpt":{"rendered":"<p>Notre soci\u00e9t\u00e9 Agence Acad\u00e9mique Fran\u00e7aise Priv\u00e9e, dispose d\u2019un large partenariat International, ce qui nous permet d\u2019assurer des Prestations de qualit\u00e9 normalis\u00e9es dans une vision d\u2019excellence. Bureaux d\u2019\u00e9tudes et formation et \u00e9coles sup\u00e9rieures : Au Maroc, en France, en Alg\u00e9rie, en Tunisie, en Mauritanie, au S\u00e9n\u00e9gal, au Cameroun, au Congo Brazzaville, Au Centrafrique et d\u2019autres en [&hellip;]<\/p>\n","protected":false},"author":1,"featured_media":0,"parent":0,"menu_order":0,"comment_status":"closed","ping_status":"closed","template":"","meta":{"footnotes":""},"class_list":["post-55","page","type-page","status-publish","hentry"],"_links":{"self":[{"href":"https:\/\/www.aafp23.com\/index.php\/wp-json\/wp\/v2\/pages\/55","targetHints":{"allow":["GET"]}}],"collection":[{"href":"https:\/\/www.aafp23.com\/index.php\/wp-json\/wp\/v2\/pages"}],"about":[{"href":"https:\/\/www.aafp23.com\/index.php\/wp-json\/wp\/v2\/types\/page"}],"author":[{"embeddable":true,"href":"https:\/\/www.aafp23.com\/index.php\/wp-json\/wp\/v2\/users\/1"}],"replies":[{"embeddable":true,"href":"https:\/\/www.aafp23.com\/index.php\/wp-json\/wp\/v2\/comments?post=55"}],"version-history":[{"count":1,"href":"https:\/\/www.aafp23.com\/index.php\/wp-json\/wp\/v2\/pages\/55\/revisions"}],"predecessor-version":[{"id":57,"href":"https:\/\/www.aafp23.com\/index.php\/wp-json\/wp\/v2\/pages\/55\/revisions\/57"}],"wp:attachment":[{"href":"https:\/\/www.aafp23.com\/index.php\/wp-json\/wp\/v2\/media?parent=55"}],"curies":[{"name":"wp","href":"https:\/\/api.w.org\/{rel}","templated":true}]}}