{"id":52,"date":"2026-02-05T09:17:45","date_gmt":"2026-02-05T09:17:45","guid":{"rendered":"https:\/\/www.aafp23.com\/?page_id=52"},"modified":"2026-02-05T09:17:45","modified_gmt":"2026-02-05T09:17:45","slug":"nos-references","status":"publish","type":"page","link":"https:\/\/www.aafp23.com\/index.php\/nos-references\/","title":{"rendered":"Nos r\u00e9f\u00e9rences"},"content":{"rendered":"\n<p><\/p>\n\n\n\n<ul class=\"wp-block-list\">\n<li>Soci\u00e9t\u00e9s de confection et de textile;<\/li>\n\n\n\n<li>Soci\u00e9t\u00e9s industrielles ( BTP), Soci\u00e9t\u00e9s de menuiserie\u00a0 aluminium ;<\/li>\n\n\n\n<li>Soci\u00e9t\u00e9s de\u00a0 m\u00e9tallurgie et m\u00e9canique etc..);<\/li>\n\n\n\n<li>Soci\u00e9t\u00e9s de fabrication des articles m\u00e9nagers ;<\/li>\n\n\n\n<li>Bureaux des \u00e9tudes et de formation;<\/li>\n\n\n\n<li>Groupe d\u2019\u00e9coles sup\u00e9rieures de formation.<\/li>\n\n\n\n<li>Universit\u00e9 intercontinentale\u00a0 en Mauritanie;<\/li>\n<\/ul>\n\n\n\n<p><strong>Actions r\u00e9alis\u00e9es pour des d\u2019\u00e9tablissements de formation<\/strong><\/p>\n\n\n\n<ul class=\"wp-block-list\">\n<li>Audit organisationnel\u00a0 et analyse\u00a0 des postes travail;<\/li>\n\n\n\n<li>Accompagnement des \u00e9tablissements dans le processus\u00a0 de qualit\u00e9 et accr\u00e9ditation;<\/li>\n\n\n\n<li>\u00c9valuation du syst\u00e8me de formation\u00a0 en mati\u00e8re de p\u00e9dagogie;<\/li>\n\n\n\n<li>\u00c9laboration des programmes de formation;<\/li>\n\n\n\n<li>\u00c9tudes des co\u00fbts de revient et de formation;<\/li>\n\n\n\n<li>\u00c9laboration des indicateurs de performance;<\/li>\n\n\n\n<li>Mettre en place des tableaux de bord de gestion;<\/li>\n\n\n\n<li>Formation des cadres techno-p\u00e9dagogique et formateurs.<\/li>\n<\/ul>\n\n\n\n<p><strong>Actions r\u00e9alis\u00e9es pour des soci\u00e9t\u00e9s industrielles&nbsp;&nbsp;<\/strong><\/p>\n\n\n\n<ul class=\"wp-block-list\">\n<li>Audit organisationnel\u00a0 et \u00e9tudes des postes travail ;<\/li>\n\n\n\n<li>Gestion des approvisionnements et achats\u00a0;<\/li>\n\n\n\n<li>\u00c9valuation des syst\u00e8mes de rendement et\u00a0 des salaires<\/li>\n\n\n\n<li>\u00c9tudes des co\u00fbts de revient dans des ateliers de production<\/li>\n\n\n\n<li>Mise en place d\u2019un syst\u00e8me de gestion de maintenance industrielle;<\/li>\n\n\n\n<li>Mise en place d\u2019un syst\u00e8me de gestion des approvisionnements et des stocks ;<\/li>\n\n\n\n<li>Mise en place d\u2019un syst\u00e8me de gestion de production et de\u00a0 gestion de la qualit\u00e9;<\/li>\n\n\n\n<li>\u00c9laboration des plans de formation;<\/li>\n\n\n\n<li>Travaux de comptabilit\u00e9 et fiscale;<\/li>\n\n\n\n<li>\u00c9tudes des rendements des postes de travail ;<\/li>\n\n\n\n<li>\u00c9laboration des gammes de fabrication pour tous les articles de production;<\/li>\n\n\n\n<li>\u00c9tudes des syst\u00e8mes\u00a0 de primes de production\u00a0 combin\u00e9s;<\/li>\n\n\n\n<li>Conception\u00a0 de la gestion de production assist\u00e9e par ordinateur GPAO;<\/li>\n\n\n\n<li>\u00c9laboration des tableaux de bord de gestion de production;<\/li>\n\n\n\n<li>S\u00e9lection et orientation pour le recrutement du personnel.<\/li>\n<\/ul>\n","protected":false},"excerpt":{"rendered":"<p>Actions r\u00e9alis\u00e9es pour des d\u2019\u00e9tablissements de formation Actions r\u00e9alis\u00e9es pour des soci\u00e9t\u00e9s industrielles&nbsp;&nbsp;<\/p>\n","protected":false},"author":1,"featured_media":0,"parent":0,"menu_order":0,"comment_status":"closed","ping_status":"closed","template":"","meta":{"footnotes":""},"class_list":["post-52","page","type-page","status-publish","hentry"],"_links":{"self":[{"href":"https:\/\/www.aafp23.com\/index.php\/wp-json\/wp\/v2\/pages\/52","targetHints":{"allow":["GET"]}}],"collection":[{"href":"https:\/\/www.aafp23.com\/index.php\/wp-json\/wp\/v2\/pages"}],"about":[{"href":"https:\/\/www.aafp23.com\/index.php\/wp-json\/wp\/v2\/types\/page"}],"author":[{"embeddable":true,"href":"https:\/\/www.aafp23.com\/index.php\/wp-json\/wp\/v2\/users\/1"}],"replies":[{"embeddable":true,"href":"https:\/\/www.aafp23.com\/index.php\/wp-json\/wp\/v2\/comments?post=52"}],"version-history":[{"count":1,"href":"https:\/\/www.aafp23.com\/index.php\/wp-json\/wp\/v2\/pages\/52\/revisions"}],"predecessor-version":[{"id":53,"href":"https:\/\/www.aafp23.com\/index.php\/wp-json\/wp\/v2\/pages\/52\/revisions\/53"}],"wp:attachment":[{"href":"https:\/\/www.aafp23.com\/index.php\/wp-json\/wp\/v2\/media?parent=52"}],"curies":[{"name":"wp","href":"https:\/\/api.w.org\/{rel}","templated":true}]}}