{"id":410,"date":"2026-03-09T13:04:03","date_gmt":"2026-03-09T13:04:03","guid":{"rendered":"https:\/\/www.aafp23.com\/?page_id=410"},"modified":"2026-03-11T13:49:05","modified_gmt":"2026-03-11T13:49:05","slug":"fcid","status":"publish","type":"page","link":"https:\/\/www.aafp23.com\/index.php\/fcid\/","title":{"rendered":"formations  \u00e0 distance"},"content":{"rendered":"\n<p class=\"has-text-align-center has-text-color has-link-color has-content-heading-font-size wp-elements-205cd3029598fbce0c1945f6f753055e\" style=\"color:#0c43b0\"><strong>Formations  \u00e0 distance<\/strong><\/p>\n\n\n\n<p><strong><mark style=\"background-color:rgba(0, 0, 0, 0);color:#cf2e2e\" class=\"has-inline-color\">Cours en ligne pour tous<\/mark><\/strong><\/p>\n\n\n\n<p>La formation en ligne, permet de suivre une formation \u00e0 distance \u00e0 partir d&rsquo;un ordinateur. Plus besoin de se d\u00e9placer dans un centre de formation. C\u2019est un programme de formation qui est accessible par Internet.<\/p>\n\n\n\n<p>Ce programme de formations en ligne vous aidera \u00e0 acqu\u00e9rir des comp\u00e9tences dans diff\u00e9rents domaines pour d\u00e9marrer une nouvelle activit\u00e9. Vous trouverez une offre compl\u00e8te de formation en ligne pour vous former d&rsquo;o\u00f9 vous le voulez et quand vous le voulez.<br>la formation en ligne vous pouvez vous former seul, quand vous voulez et d\u2019o\u00f9 vous voulez. Il suffit, gr\u00e2ce \u00e0 un acc\u00e8s Internet, de vous connecter sur le site.<\/p>\n\n\n\n<p><strong><mark style=\"background-color:rgba(0, 0, 0, 0);color:#cf2e2e\" class=\"has-inline-color\">Les atouts des cours en ligne<\/mark><\/strong><\/p>\n\n\n\n<ul class=\"wp-block-list\">\n<li>Grand choix de cours<\/li>\n\n\n\n<li>Flexibilit\u00e9 (vous travaillez \u00e0 votre rythme)<\/li>\n\n\n\n<li>La libert\u00e9 (o\u00f9 l\u2019on veut et quand on veut)<\/li>\n\n\n\n<li>Pas de d\u00e9placement<\/li>\n\n\n\n<li>Accroissement des connaissances<\/li>\n\n\n\n<li>P\u00e9dagogie interactive<\/li>\n\n\n\n<li>Formations personnalis\u00e9es<\/li>\n\n\n\n<li>Meilleur apprentissage, m\u00e9moriser plus facilement le cours<\/li>\n\n\n\n<li>Pourquoi une formation E-learning ? Se former pour un m\u00e9tier nouveau Professionnel en international.<\/li>\n<\/ul>\n\n\n\n<p>\u00c0 qui est r\u00e9serv\u00e9 le cours E-learning ?&nbsp;&nbsp; Habituellement tout public, mais aussi les \u00e9tudiants et&nbsp; salari\u00e9s d&rsquo;entreprise,<\/p>\n\n\n\n<p><strong><mark style=\"background-color:rgba(0, 0, 0, 0);color:#110b7a\" class=\"has-inline-color\">Pour quels types de formation : les formations&nbsp; de m\u00e9tiers certifi\u00e9s en International<\/mark><\/strong><\/p>\n\n\n\n<p>Accompagnement au niveau de la formation jusqu\u2019 \u00e0 la certification en international<\/p>\n\n\n\n<p><\/p>\n","protected":false},"excerpt":{"rendered":"<p>Formations \u00e0 distance Cours en ligne pour tous La formation en ligne, permet de suivre une formation \u00e0 distance \u00e0 partir d&rsquo;un ordinateur. Plus besoin de se d\u00e9placer dans un centre de formation. C\u2019est un programme de formation qui est accessible par Internet. Ce programme de formations en ligne vous aidera \u00e0 acqu\u00e9rir des comp\u00e9tences [&hellip;]<\/p>\n","protected":false},"author":1,"featured_media":0,"parent":0,"menu_order":0,"comment_status":"closed","ping_status":"closed","template":"","meta":{"footnotes":""},"class_list":["post-410","page","type-page","status-publish","hentry"],"_links":{"self":[{"href":"https:\/\/www.aafp23.com\/index.php\/wp-json\/wp\/v2\/pages\/410","targetHints":{"allow":["GET"]}}],"collection":[{"href":"https:\/\/www.aafp23.com\/index.php\/wp-json\/wp\/v2\/pages"}],"about":[{"href":"https:\/\/www.aafp23.com\/index.php\/wp-json\/wp\/v2\/types\/page"}],"author":[{"embeddable":true,"href":"https:\/\/www.aafp23.com\/index.php\/wp-json\/wp\/v2\/users\/1"}],"replies":[{"embeddable":true,"href":"https:\/\/www.aafp23.com\/index.php\/wp-json\/wp\/v2\/comments?post=410"}],"version-history":[{"count":7,"href":"https:\/\/www.aafp23.com\/index.php\/wp-json\/wp\/v2\/pages\/410\/revisions"}],"predecessor-version":[{"id":434,"href":"https:\/\/www.aafp23.com\/index.php\/wp-json\/wp\/v2\/pages\/410\/revisions\/434"}],"wp:attachment":[{"href":"https:\/\/www.aafp23.com\/index.php\/wp-json\/wp\/v2\/media?parent=410"}],"curies":[{"name":"wp","href":"https:\/\/api.w.org\/{rel}","templated":true}]}}