{"id":288,"date":"2026-02-19T11:04:21","date_gmt":"2026-02-19T11:04:21","guid":{"rendered":"https:\/\/www.aafp23.com\/?page_id=288"},"modified":"2026-03-05T12:24:45","modified_gmt":"2026-03-05T12:24:45","slug":"dba","status":"publish","type":"page","link":"https:\/\/www.aafp23.com\/index.php\/dba\/","title":{"rendered":"DOCTORATE IN BUSINESS ADMINISTRATION (DBA en fran\u00e7ais)"},"content":{"rendered":"\n<p class=\"has-text-align-center has-vivid-red-color has-text-color has-link-color has-site-title-font-size wp-elements-e92462ff9a905b04631c50c1837270e0\"><strong>DOCTORATE IN BUSINESS ADMINISTRATION (DBA en fran\u00e7ais)<\/strong><\/p>\n\n\n\n<p>Le Doctorat Business Administration est une formation visant \u00e0 apporter une r\u00e9flexion suppl\u00e9mentaire aux \u00e9tudiants du programme sur un sujet particulier li\u00e9 au monde des affaires.<\/p>\n\n\n\n<p>D\u2019abord, cette formation permet aux \u00e9tudiants d\u2019approfondir un sujet de recherche de leur choix encadr\u00e9 par un Directeur de th\u00e8se et des professeurs docteurs qui les aiguilleront tout au long de leur projet. De plus, ce travail permet \u00e0 l\u2019\u00e9tudiant d\u2019acqu\u00e9rir une expertise, de gagner en confiance et en maturit\u00e9.<\/p>\n\n\n\n<p>Ainsi, \u00e0 l\u2019issue de leur formation en recherche, les \u00e9tudiants ma\u00eetriseront leur th\u00e9matique. Ils sauront utiliser les m\u00e9thodologies de recherches, les diff\u00e9rentes \u00e9tapes de la gestion de projet. A terme, ils pourront prendre du recul et prendre la parole pour d\u00e9battre et d\u00e9fendre leur point de vue.<\/p>\n\n\n\n<p>Il s\u2019agit donc, d\u2019un programme de trois ans, ayant pour finalit\u00e9 la pr\u00e9sentation d\u2019une th\u00e8se de recherche.&nbsp;<\/p>\n\n\n\n<p><strong>Secteurs d\u2019activit\u00e9s<\/strong><\/p>\n\n\n\n<ul class=\"wp-block-list\">\n<li>Tout secteur li\u00e9 \u00e0 la th\u00e9matique de recherche vis\u00e9e<\/li>\n\n\n\n<li>Toute entreprise avec des besoins en recherche<\/li>\n\n\n\n<li>Toute entreprise avec des besoins en publications<\/li>\n\n\n\n<li>Domaine de l\u2019\u00e9ducation, Gestion, Management, Informatique, communication etc (le sujet sera valid\u00e9 par une commission d\u2019\u00e9valuation)<\/li>\n<\/ul>\n\n\n\n<p><strong>B\u00e9n\u00e9fices pour les professionnels<\/strong>: <strong>La recherche \u00e0 l\u2019op\u00e9rationnel<\/strong><\/p>\n\n\n\n<p>Le programme DBA de l\u2019un des deux \u00e9tablissements (ILCI ou IESIG) donnera toutes les comp\u00e9tences n\u00e9cessaires \u00e0 la recherche au niveau doctoral et permettra une \u00e9volution dans la carri\u00e8re de manager et\/ou de consultant.<\/p>\n\n\n\n<p>\u00c0 mi-chemin entre th\u00e9orie et pratique, ce cursus permet d\u2019accompagner les projets de recherche tant \u00e0 des fins acad\u00e9miques qu\u2019\u00e0 vis\u00e9e op\u00e9rationnelle.<\/p>\n\n\n\n<p><strong>A l\u2019issue de DBA un transfert:<\/strong><\/p>\n\n\n\n<ul class=\"wp-block-list\">\n<li>D\u2019une expertise m\u00e9thodologique en recherche\u00a0;<\/li>\n\n\n\n<li>D\u2019une grande capacit\u00e9 d\u2019analyse de donn\u00e9es quantitatives et qualitatives\u00a0;<\/li>\n\n\n\n<li>D\u2019une culture acad\u00e9mique de haut niveau.<\/li>\n<\/ul>\n\n\n\n<p><strong>M\u00e9thodologie et Comp\u00e9tences vis\u00e9es<\/strong><\/p>\n\n\n\n<ul class=\"wp-block-list\">\n<li>Les d\u00e9marches adopt\u00e9es pour les travaux de recherches<\/li>\n\n\n\n<li>L&rsquo;explication du sujet\u00a0;<\/li>\n\n\n\n<li>La formulation de la probl\u00e9matique de recherche\u00a0;<\/li>\n\n\n\n<li>Trouver des argumentaires et sources fiables\u00a0 ( th\u00e9orie de litt\u00e9rature et Bibliogrphie) ;<\/li>\n\n\n\n<li>Identifier les solutions existantes sur cette probl\u00e9matique\u00a0;<\/li>\n\n\n\n<li>D\u00e9finition d\u2019une nouvelle solution (ou d\u2019un mod\u00e8le)<\/li>\n<\/ul>\n\n\n\n<p><strong>Langue d\u2019enseignement<\/strong> : <mark style=\"background-color:rgba(0, 0, 0, 0);color:#1051d2\" class=\"has-inline-color\">Fran\u00e7ais\/Anglais<\/mark><\/p>\n\n\n\n<p><strong>Conditions d\u2019acc\u00e8s<\/strong>:<\/p>\n\n\n\n<p>L\u2019admission se fait sur dossier et entretien\u00a0;<br>Se pr\u00e9senter \u00e0 l&rsquo;entretien avec votre th\u00e9matique de recherche<br>Il est recommand\u00e9 : une exp\u00e9rience de travail en entreprise ou tout autre organisme<\/p>\n\n\n\n<p><strong>Candidat \u00e9tranger\u00a0:<\/strong><\/p>\n\n\n\n<p>Dipl\u00f4me reconnu\u00a0 de niveau Bac +5 acquis en France ou \u00e0 l\u2019\u00e9tranger dans les domaines de pr\u00e9f\u00e9rence en Gestion, des Sciences Humaines et Sociales (Droit, \u00c9conomie, Sociologie,\u00a0 Management, Gestion Entreprise Langues \u00c9trang\u00e8res\u2026)\u00a0;<\/p>\n\n\n\n<p><\/p>\n\n\n\n<div class=\"wp-block-buttons is-content-justification-center is-layout-flex wp-container-core-buttons-is-layout-a89b3969 wp-block-buttons-is-layout-flex\">\n<div class=\"wp-block-button\"><a class=\"wp-block-button__link wp-element-button\" href=\"https:\/\/www.aafp23.com\/index.php\/inscriptiondba\/\">INSCRIPTION EN DBA<\/a><\/div>\n<\/div>\n","protected":false},"excerpt":{"rendered":"<p>DOCTORATE IN BUSINESS ADMINISTRATION (DBA en fran\u00e7ais) Le Doctorat Business Administration est une formation visant \u00e0 apporter une r\u00e9flexion suppl\u00e9mentaire aux \u00e9tudiants du programme sur un sujet particulier li\u00e9 au monde des affaires. D\u2019abord, cette formation permet aux \u00e9tudiants d\u2019approfondir un sujet de recherche de leur choix encadr\u00e9 par un Directeur de th\u00e8se et des [&hellip;]<\/p>\n","protected":false},"author":1,"featured_media":0,"parent":0,"menu_order":0,"comment_status":"closed","ping_status":"closed","template":"","meta":{"footnotes":""},"class_list":["post-288","page","type-page","status-publish","hentry"],"_links":{"self":[{"href":"https:\/\/www.aafp23.com\/index.php\/wp-json\/wp\/v2\/pages\/288","targetHints":{"allow":["GET"]}}],"collection":[{"href":"https:\/\/www.aafp23.com\/index.php\/wp-json\/wp\/v2\/pages"}],"about":[{"href":"https:\/\/www.aafp23.com\/index.php\/wp-json\/wp\/v2\/types\/page"}],"author":[{"embeddable":true,"href":"https:\/\/www.aafp23.com\/index.php\/wp-json\/wp\/v2\/users\/1"}],"replies":[{"embeddable":true,"href":"https:\/\/www.aafp23.com\/index.php\/wp-json\/wp\/v2\/comments?post=288"}],"version-history":[{"count":3,"href":"https:\/\/www.aafp23.com\/index.php\/wp-json\/wp\/v2\/pages\/288\/revisions"}],"predecessor-version":[{"id":385,"href":"https:\/\/www.aafp23.com\/index.php\/wp-json\/wp\/v2\/pages\/288\/revisions\/385"}],"wp:attachment":[{"href":"https:\/\/www.aafp23.com\/index.php\/wp-json\/wp\/v2\/media?parent=288"}],"curies":[{"name":"wp","href":"https:\/\/api.w.org\/{rel}","templated":true}]}}