{"id":284,"date":"2026-02-19T10:59:31","date_gmt":"2026-02-19T10:59:31","guid":{"rendered":"https:\/\/www.aafp23.com\/?page_id=284"},"modified":"2026-02-23T11:30:46","modified_gmt":"2026-02-23T11:30:46","slug":"dvae","status":"publish","type":"page","link":"https:\/\/www.aafp23.com\/index.php\/dvae\/","title":{"rendered":"Dipl\u00f4mes par VAE"},"content":{"rendered":"\n<p class=\"has-text-align-center has-post-title-font-size\"><strong><mark style=\"background-color:rgba(0, 0, 0, 0);color:#093ca4\" class=\"has-inline-color\">Dipl\u00f4mes par VAE<\/mark><\/strong><\/p>\n\n\n\n<p class=\"has-text-color has-link-color wp-elements-4545d0ee35d7fd2c7aee57ccab730f56\" style=\"color:#1f0e99\"><strong>En collaboration avec nos partenaires en internationaux<\/strong>:<\/p>\n\n\n\n<p class=\"has-text-color has-link-color wp-elements-c1ccec6c62e41c1109617491e4565b08\" style=\"color:#1f0e99\"><mark style=\"background-color:rgba(0, 0, 0, 0);color:#1f0e99\" class=\"has-inline-color\"><strong>Validation des acquis par des exp\u00e9riences VAE<\/strong>:<\/mark><\/p>\n\n\n\n<ul class=\"wp-block-list\">\n<li>Vous b\u00e9n\u00e9ficiez au minimum des ann\u00e9es d\u2019exp\u00e9riences et souhaitez obtenir le Dipl\u00f4me sup\u00e9rieur fran\u00e7ais reconnu, correspondant \u00e0 cette exp\u00e9rience ?<\/li>\n\n\n\n<li>Pas besoin de formation r\u00e9sidentielle ;<\/li>\n\n\n\n<li>Un seul d\u00e9placement pour la soutenance de votre rapport ;<\/li>\n\n\n\n<li>Pas besoin de reprendre des \u00e9tudes.<\/li>\n<\/ul>\n\n\n\n<p><strong><mark style=\"background-color:rgba(0, 0, 0, 0);color:#1f0e99\" class=\"has-inline-color\">La VAE, pour quoi faire ?<\/mark><\/strong><\/p>\n\n\n\n<ul class=\"wp-block-list\">\n<li>Obtenir un Dipl\u00f4me reconnu par l\u2019\u00c9tat et les entreprises ;<\/li>\n\n\n\n<li>Identifier et faire reconna\u00eetre vos comp\u00e9tences ;<\/li>\n\n\n\n<li>Valider et capitaliser vos acquis ;<\/li>\n\n\n\n<li>Dynamiser, relancer votre carri\u00e8re ;<\/li>\n\n\n\n<li>Compl\u00e9ter si n\u00e9cessaire votre formation ;<\/li>\n\n\n\n<li>Pour le Manager d\u2019entreprise cela vous permet de :<\/li>\n\n\n\n<li>Identifier et favoriser le d\u00e9veloppement de comp\u00e9tences de votre salari\u00e9 ;<\/li>\n\n\n\n<li>Confier \u00e0 votre salari\u00e9 des responsabilit\u00e9s diff\u00e9rentes ;<\/li>\n\n\n\n<li>Motiver votre salari\u00e9 ;<\/li>\n\n\n\n<li>Optimiser et minimiser le co\u00fbt de la formation.<\/li>\n<\/ul>\n\n\n\n<p><strong><mark style=\"background-color:rgba(0, 0, 0, 0);color:#1f0e99\" class=\"has-inline-color\">AAFP, vous apporte :<\/mark><\/strong><\/p>\n\n\n\n<ul class=\"wp-block-list\">\n<li>L\u2019Accueil, Information, Orientation sur le projet ;<\/li>\n\n\n\n<li>L\u2019Organisation et accompagnement individuel \u00e0 distance, d\u00e9di\u00e9 et sur-mesure des candidats ;<\/li>\n\n\n\n<li>L\u2019Assurance du suivi avec son partenaire fran\u00e7ais, jusqu\u2019au jury de validation;<\/li>\n\n\n\n<li>Un coaching assur\u00e9 et personnalis\u00e9 par <strong><mark style=\"background-color:rgba(0, 0, 0, 0);color:#1f0e99\" class=\"has-inline-color\">AAFP <\/mark><\/strong>et l\u2019\u00e9tablissement partenaire fran\u00e7ais;<\/li>\n\n\n\n<li>Un r\u00e9f\u00e9rent et encadrant disponible selon vos disponibilit\u00e9s et \u00e0 votre \u00e9coute ;<\/li>\n\n\n\n<li>Un appui \u00e0 la soutenance avec mis en situation.<\/li>\n<\/ul>\n\n\n\n<p><mark style=\"background-color:rgba(0, 0, 0, 0);color:#1f0e99\" class=\"has-inline-color\"><strong>Conditions requises<\/strong>:<\/mark><\/p>\n\n\n\n<ul class=\"wp-block-list\">\n<li>Justifier d\u2019une&nbsp; exp\u00e9rience significative&nbsp; (activit\u00e9s&nbsp; salari\u00e9es,&nbsp; non&nbsp; salari\u00e9es ou b\u00e9n\u00e9voles) en rapport avec le contenu du dipl\u00f4me ;<\/li>\n\n\n\n<li>Inscription durant toute l\u2019ann\u00e9e acad\u00e9mique.<\/li>\n<\/ul>\n\n\n\n<figure class=\"wp-block-image aligncenter size-full\"><img loading=\"lazy\" decoding=\"async\" width=\"513\" height=\"477\" src=\"https:\/\/www.aafp23.com\/wp-content\/uploads\/2026\/02\/image-14.png\" alt=\"\" class=\"wp-image-285\" srcset=\"https:\/\/www.aafp23.com\/wp-content\/uploads\/2026\/02\/image-14.png 513w, https:\/\/www.aafp23.com\/wp-content\/uploads\/2026\/02\/image-14-300x279.png 300w\" sizes=\"auto, (max-width: 513px) 100vw, 513px\" \/><\/figure>\n\n\n\n<div class=\"wp-block-buttons alignwide is-content-justification-center is-layout-flex wp-container-core-buttons-is-layout-a89b3969 wp-block-buttons-is-layout-flex\">\n<div class=\"wp-block-button\"><a class=\"wp-block-button__link has-vivid-red-background-color has-background has-normal-font-size has-custom-font-size wp-element-button\" href=\"https:\/\/www.aafp23.com\/index.php\/vae\/\"><strong>Formulaire VAE<\/strong><\/a><\/div>\n<\/div>\n","protected":false},"excerpt":{"rendered":"<p>Dipl\u00f4mes par VAE En collaboration avec nos partenaires en internationaux: Validation des acquis par des exp\u00e9riences VAE: La VAE, pour quoi faire ? AAFP, vous apporte : Conditions requises:<\/p>\n","protected":false},"author":1,"featured_media":0,"parent":0,"menu_order":0,"comment_status":"closed","ping_status":"closed","template":"","meta":{"footnotes":""},"class_list":["post-284","page","type-page","status-publish","hentry"],"_links":{"self":[{"href":"https:\/\/www.aafp23.com\/index.php\/wp-json\/wp\/v2\/pages\/284","targetHints":{"allow":["GET"]}}],"collection":[{"href":"https:\/\/www.aafp23.com\/index.php\/wp-json\/wp\/v2\/pages"}],"about":[{"href":"https:\/\/www.aafp23.com\/index.php\/wp-json\/wp\/v2\/types\/page"}],"author":[{"embeddable":true,"href":"https:\/\/www.aafp23.com\/index.php\/wp-json\/wp\/v2\/users\/1"}],"replies":[{"embeddable":true,"href":"https:\/\/www.aafp23.com\/index.php\/wp-json\/wp\/v2\/comments?post=284"}],"version-history":[{"count":4,"href":"https:\/\/www.aafp23.com\/index.php\/wp-json\/wp\/v2\/pages\/284\/revisions"}],"predecessor-version":[{"id":372,"href":"https:\/\/www.aafp23.com\/index.php\/wp-json\/wp\/v2\/pages\/284\/revisions\/372"}],"wp:attachment":[{"href":"https:\/\/www.aafp23.com\/index.php\/wp-json\/wp\/v2\/media?parent=284"}],"curies":[{"name":"wp","href":"https:\/\/api.w.org\/{rel}","templated":true}]}}