{"id":278,"date":"2026-02-18T15:10:06","date_gmt":"2026-02-18T15:10:06","guid":{"rendered":"https:\/\/www.aafp23.com\/?page_id=278"},"modified":"2026-02-20T11:39:01","modified_gmt":"2026-02-20T11:39:01","slug":"mcpipa","status":"publish","type":"page","link":"https:\/\/www.aafp23.com\/index.php\/mcpipa\/","title":{"rendered":"Mastere Charg\u00e9 de projets internationaux (passerelle anglophone)"},"content":{"rendered":"\n<p class=\"has-text-align-center has-post-title-font-size\"><strong><mark style=\"background-color:rgba(0, 0, 0, 0);color:#5906a6\" class=\"has-inline-color\">Mastere Charg\u00e9 de projets internationaux (passerelle anglophone)<\/mark><\/strong><\/p>\n\n\n\n<div class=\"wp-block-group is-layout-constrained wp-block-group-is-layout-constrained\">\n<div class=\"wp-block-group has-top-bg-background-color has-text-color has-background has-link-color has-content-heading-font-size wp-elements-8ab8ec6a1b4edd1193bc7b5d687e093b is-content-justification-center is-nowrap is-layout-flex wp-container-core-group-is-layout-593f9cca wp-block-group-is-layout-flex\" style=\"color:#083da8;padding-top:0;padding-bottom:0\">\n<p><mark style=\"background-color:rgba(0, 0, 0, 0);color:#cf2e2e\" class=\"has-inline-color\"><strong>Admission<\/strong> : Bac +3 \/ +4<\/mark><\/p>\n\n\n\n<p><mark style=\"background-color:rgba(0, 0, 0, 0);color:#cf2e2e\" class=\"has-inline-color\"><strong>Dur\u00e9e<\/strong>: 2 ans<\/mark><\/p>\n<\/div>\n<\/div>\n\n\n\n<p class=\"has-site-title-font-size\">PROGRAMME<\/p>\n\n\n\n<p><strong>Enseignements g\u00e9n\u00e9raux :<\/strong> <\/p>\n\n\n\n<p>Fran\u00e7ais\/Anglais, Droit des affaires internationales, \u00c9conomie globale, Management interculturel<\/p>\n\n\n\n<p><strong>Enseignements professionnels :<\/strong> <\/p>\n\n\n\n<p>Strat\u00e9gies de commerce international, Gestion de projet, Analyse de march\u00e9, N\u00e9gociation internationale<\/p>\n\n\n\n<div class=\"wp-block-buttons alignwide is-content-justification-center is-layout-flex wp-container-core-buttons-is-layout-a89b3969 wp-block-buttons-is-layout-flex\">\n<div class=\"wp-block-button\"><a class=\"wp-block-button__link has-background wp-element-button\" style=\"background-color:#802ad0\">INSCRIPTION EN MASTERE<\/a><\/div>\n<\/div>\n","protected":false},"excerpt":{"rendered":"<p>Mastere Charg\u00e9 de projets internationaux (passerelle anglophone) Admission : Bac +3 \/ +4 Dur\u00e9e: 2 ans PROGRAMME Enseignements g\u00e9n\u00e9raux : Fran\u00e7ais\/Anglais, Droit des affaires internationales, \u00c9conomie globale, Management interculturel Enseignements professionnels : Strat\u00e9gies de commerce international, Gestion de projet, Analyse de march\u00e9, N\u00e9gociation internationale<\/p>\n","protected":false},"author":1,"featured_media":0,"parent":0,"menu_order":0,"comment_status":"closed","ping_status":"closed","template":"","meta":{"footnotes":""},"class_list":["post-278","page","type-page","status-publish","hentry"],"_links":{"self":[{"href":"https:\/\/www.aafp23.com\/index.php\/wp-json\/wp\/v2\/pages\/278","targetHints":{"allow":["GET"]}}],"collection":[{"href":"https:\/\/www.aafp23.com\/index.php\/wp-json\/wp\/v2\/pages"}],"about":[{"href":"https:\/\/www.aafp23.com\/index.php\/wp-json\/wp\/v2\/types\/page"}],"author":[{"embeddable":true,"href":"https:\/\/www.aafp23.com\/index.php\/wp-json\/wp\/v2\/users\/1"}],"replies":[{"embeddable":true,"href":"https:\/\/www.aafp23.com\/index.php\/wp-json\/wp\/v2\/comments?post=278"}],"version-history":[{"count":2,"href":"https:\/\/www.aafp23.com\/index.php\/wp-json\/wp\/v2\/pages\/278\/revisions"}],"predecessor-version":[{"id":347,"href":"https:\/\/www.aafp23.com\/index.php\/wp-json\/wp\/v2\/pages\/278\/revisions\/347"}],"wp:attachment":[{"href":"https:\/\/www.aafp23.com\/index.php\/wp-json\/wp\/v2\/media?parent=278"}],"curies":[{"name":"wp","href":"https:\/\/api.w.org\/{rel}","templated":true}]}}