{"id":266,"date":"2026-02-18T14:55:03","date_gmt":"2026-02-18T14:55:03","guid":{"rendered":"https:\/\/www.aafp23.com\/?page_id=266"},"modified":"2026-02-20T11:40:06","modified_gmt":"2026-02-20T11:40:06","slug":"mmcb","status":"publish","type":"page","link":"https:\/\/www.aafp23.com\/index.php\/mmcb\/","title":{"rendered":"Mastere Management Commercial et Business"},"content":{"rendered":"\n<p class=\"has-text-align-center has-post-title-font-size\"><strong><mark style=\"background-color:rgba(0, 0, 0, 0);color:#5906a6\" class=\"has-inline-color\">Mastere Management Commercial et Business<\/mark><\/strong><\/p>\n\n\n\n<div class=\"wp-block-group is-layout-constrained wp-block-group-is-layout-constrained\">\n<div class=\"wp-block-group has-top-bg-background-color has-text-color has-background has-link-color has-content-heading-font-size wp-elements-8ab8ec6a1b4edd1193bc7b5d687e093b is-content-justification-center is-nowrap is-layout-flex wp-container-core-group-is-layout-593f9cca wp-block-group-is-layout-flex\" style=\"color:#083da8;padding-top:0;padding-bottom:0\">\n<p><mark style=\"background-color:rgba(0, 0, 0, 0);color:#cf2e2e\" class=\"has-inline-color\"><strong>Admission<\/strong> : Bac +3 \/ +4<\/mark><\/p>\n\n\n\n<p><mark style=\"background-color:rgba(0, 0, 0, 0);color:#cf2e2e\" class=\"has-inline-color\"><strong>Dur\u00e9e<\/strong>: 2 ans<\/mark><\/p>\n<\/div>\n<\/div>\n\n\n\n<p class=\"has-site-title-font-size\">PROGRAMME<\/p>\n\n\n\n<h4 class=\"wp-block-heading\">Enseignements g\u00e9n\u00e9raux<\/h4>\n\n\n\n<ul class=\"wp-block-list\">\n<li>Anglais des affaires<\/li>\n\n\n\n<li>Droit des contrats et des affaires<\/li>\n\n\n\n<li>\u00c9conomie et environnement des march\u00e9s<\/li>\n\n\n\n<li>Strat\u00e9gie et pilotage d\u2019entreprise<\/li>\n<\/ul>\n\n\n\n<h4 class=\"wp-block-heading\">Enseignements professionnels<\/h4>\n\n\n\n<ul class=\"wp-block-list\">\n<li>Marketing strat\u00e9gique et op\u00e9rationnel<\/li>\n\n\n\n<li>Techniques de vente et n\u00e9gociation commerciale<\/li>\n\n\n\n<li>Management d\u2019\u00e9quipe et conduite du changement<\/li>\n\n\n\n<li>Digitalisation des processus commerciaux<\/li>\n\n\n\n<li>CRM et gestion de la relation client<\/li>\n\n\n\n<li>Business development international<\/li>\n\n\n\n<li>\u00c9tudes de march\u00e9 et analyse de performance<\/li>\n<\/ul>\n\n\n\n<div class=\"wp-block-buttons alignwide is-content-justification-center is-layout-flex wp-container-core-buttons-is-layout-a89b3969 wp-block-buttons-is-layout-flex\">\n<div class=\"wp-block-button\"><a class=\"wp-block-button__link has-background wp-element-button\" style=\"background-color:#802ad0\">INSCRIPTION EN MASTERE<\/a><\/div>\n<\/div>\n","protected":false},"excerpt":{"rendered":"<p>Mastere Management Commercial et Business Admission : Bac +3 \/ +4 Dur\u00e9e: 2 ans PROGRAMME Enseignements g\u00e9n\u00e9raux Enseignements professionnels<\/p>\n","protected":false},"author":1,"featured_media":0,"parent":0,"menu_order":0,"comment_status":"closed","ping_status":"closed","template":"","meta":{"footnotes":""},"class_list":["post-266","page","type-page","status-publish","hentry"],"_links":{"self":[{"href":"https:\/\/www.aafp23.com\/index.php\/wp-json\/wp\/v2\/pages\/266","targetHints":{"allow":["GET"]}}],"collection":[{"href":"https:\/\/www.aafp23.com\/index.php\/wp-json\/wp\/v2\/pages"}],"about":[{"href":"https:\/\/www.aafp23.com\/index.php\/wp-json\/wp\/v2\/types\/page"}],"author":[{"embeddable":true,"href":"https:\/\/www.aafp23.com\/index.php\/wp-json\/wp\/v2\/users\/1"}],"replies":[{"embeddable":true,"href":"https:\/\/www.aafp23.com\/index.php\/wp-json\/wp\/v2\/comments?post=266"}],"version-history":[{"count":2,"href":"https:\/\/www.aafp23.com\/index.php\/wp-json\/wp\/v2\/pages\/266\/revisions"}],"predecessor-version":[{"id":349,"href":"https:\/\/www.aafp23.com\/index.php\/wp-json\/wp\/v2\/pages\/266\/revisions\/349"}],"wp:attachment":[{"href":"https:\/\/www.aafp23.com\/index.php\/wp-json\/wp\/v2\/media?parent=266"}],"curies":[{"name":"wp","href":"https:\/\/api.w.org\/{rel}","templated":true}]}}