{"id":257,"date":"2026-02-18T14:38:43","date_gmt":"2026-02-18T14:38:43","guid":{"rendered":"https:\/\/www.aafp23.com\/?page_id=257"},"modified":"2026-02-20T11:34:27","modified_gmt":"2026-02-20T11:34:27","slug":"bgc-2","status":"publish","type":"page","link":"https:\/\/www.aafp23.com\/index.php\/bgc-2\/","title":{"rendered":"Bachelor Gestion et comptabilit\u00e9"},"content":{"rendered":"\n<p class=\"has-text-align-center has-post-title-font-size\"><strong><mark style=\"background-color:rgba(0, 0, 0, 0);color:#05c600\" class=\"has-inline-color\">Bachelor Gestion et comptabilit\u00e9<\/mark><\/strong><\/p>\n\n\n\n<div class=\"wp-block-group is-layout-constrained wp-block-group-is-layout-constrained\">\n<div class=\"wp-block-group has-top-bg-background-color has-text-color has-background has-link-color has-content-heading-font-size wp-elements-81813f9b6d24974471c1c8d355e66241 is-content-justification-center is-nowrap is-layout-flex wp-container-core-group-is-layout-593f9cca wp-block-group-is-layout-flex\" style=\"color:#083da8;padding-top:0;padding-bottom:0\">\n<p><strong>Admission<\/strong> : Bac<\/p>\n\n\n\n<p><strong>Dur\u00e9e<\/strong>: 3 ans<\/p>\n<\/div>\n<\/div>\n\n\n\n<p class=\"has-site-title-font-size\">PROGRAMME<\/p>\n\n\n\n<p><strong>Enseignements g\u00e9n\u00e9raux :<\/strong><\/p>\n\n\n\n<ul class=\"wp-block-list\">\n<li>Anglais des affaires<\/li>\n\n\n\n<li>Droit des entreprises et fiscalit\u00e9<\/li>\n\n\n\n<li>Management et gestion d\u2019entreprise<\/li>\n<\/ul>\n\n\n\n<p><strong>Enseignements professionnels :<\/strong><\/p>\n\n\n\n<ul class=\"wp-block-list\">\n<li>Comptabilit\u00e9 g\u00e9n\u00e9rale et analytique<\/li>\n\n\n\n<li>Contr\u00f4le de gestion et audit<\/li>\n\n\n\n<li>Gestion financi\u00e8re et fiscalit\u00e9 d\u2019entreprise<\/li>\n<\/ul>\n\n\n\n<div class=\"wp-block-buttons is-content-justification-center is-layout-flex wp-container-core-buttons-is-layout-a89b3969 wp-block-buttons-is-layout-flex\">\n<div class=\"wp-block-button\"><a class=\"wp-block-button__link wp-element-button\" href=\"https:\/\/www.aafp23.com\/index.php\/inscription-au-bachelor\/\">INSCRIPTION EN BACHELOR<\/a><\/div>\n<\/div>\n","protected":false},"excerpt":{"rendered":"<p>Bachelor Gestion et comptabilit\u00e9 Admission : Bac Dur\u00e9e: 3 ans PROGRAMME Enseignements g\u00e9n\u00e9raux : Enseignements professionnels :<\/p>\n","protected":false},"author":1,"featured_media":0,"parent":0,"menu_order":0,"comment_status":"closed","ping_status":"closed","template":"","meta":{"footnotes":""},"class_list":["post-257","page","type-page","status-publish","hentry"],"_links":{"self":[{"href":"https:\/\/www.aafp23.com\/index.php\/wp-json\/wp\/v2\/pages\/257","targetHints":{"allow":["GET"]}}],"collection":[{"href":"https:\/\/www.aafp23.com\/index.php\/wp-json\/wp\/v2\/pages"}],"about":[{"href":"https:\/\/www.aafp23.com\/index.php\/wp-json\/wp\/v2\/types\/page"}],"author":[{"embeddable":true,"href":"https:\/\/www.aafp23.com\/index.php\/wp-json\/wp\/v2\/users\/1"}],"replies":[{"embeddable":true,"href":"https:\/\/www.aafp23.com\/index.php\/wp-json\/wp\/v2\/comments?post=257"}],"version-history":[{"count":2,"href":"https:\/\/www.aafp23.com\/index.php\/wp-json\/wp\/v2\/pages\/257\/revisions"}],"predecessor-version":[{"id":339,"href":"https:\/\/www.aafp23.com\/index.php\/wp-json\/wp\/v2\/pages\/257\/revisions\/339"}],"wp:attachment":[{"href":"https:\/\/www.aafp23.com\/index.php\/wp-json\/wp\/v2\/media?parent=257"}],"curies":[{"name":"wp","href":"https:\/\/api.w.org\/{rel}","templated":true}]}}