{"id":182,"date":"2026-02-18T11:01:42","date_gmt":"2026-02-18T11:01:42","guid":{"rendered":"https:\/\/www.aafp23.com\/?page_id=182"},"modified":"2026-02-20T11:35:42","modified_gmt":"2026-02-20T11:35:42","slug":"bachelors-3-ans","status":"publish","type":"page","link":"https:\/\/www.aafp23.com\/index.php\/bachelors-3-ans\/","title":{"rendered":"bachelors (3 ans)"},"content":{"rendered":"\n<p class=\"has-text-align-center has-post-title-font-size\"><strong><mark style=\"background-color:rgba(0, 0, 0, 0);color:#05c600\" class=\"has-inline-color\">Formation Bachelor<\/mark><\/strong><\/p>\n\n\n\n<p>Nos fili\u00e8res:<\/p>\n\n\n\n<div class=\"wp-block-group is-layout-constrained wp-container-core-group-is-layout-19e250f3 wp-block-group-is-layout-constrained\">\n<p><strong><a href=\"https:\/\/www.aafp23.com\/index.php\/bgc\/\" data-type=\"page\" data-id=\"224\">Bachelor Gestion Commerciale (GC)<\/a><\/strong><\/p>\n\n\n\n<p><strong><a href=\"https:\/\/www.aafp23.com\/index.php\/bmci\/\" data-type=\"page\" data-id=\"250\">Bachelor Marketing et Commerce International (MCI)<\/a><\/strong><\/p>\n\n\n\n<p><strong><a href=\"https:\/\/www.aafp23.com\/index.php\/bmdc\/\" data-type=\"page\" data-id=\"253\">Bachelor Marketing Digital et Commercial (MDC)<\/a><\/strong><\/p>\n\n\n\n<p><strong><a href=\"https:\/\/www.aafp23.com\/index.php\/bgc-2\/\" data-type=\"page\" data-id=\"257\">Bachelor Gestion et comptabilit\u00e9<\/a><\/strong><\/p>\n\n\n\n<p><strong><a href=\"https:\/\/www.aafp23.com\/index.php\/barh\/\" data-type=\"page\" data-id=\"260\">Bachelor Administration et Ressources Humaines<\/a><\/strong><\/p>\n\n\n\n<p><strong><a href=\"https:\/\/www.aafp23.com\/index.php\/bbipa\/\" data-type=\"page\" data-id=\"263\">Bachelor Business International (Passerelle Anglophone)<\/a><\/strong><\/p>\n\n\n\n<p><strong><a href=\"https:\/\/www.aafp23.com\/index.php\/bdia\/\" data-type=\"page\" data-id=\"291\">Bachelor D\u00e9veloppeur IA<\/a><\/strong><\/p>\n\n\n\n<p><strong><a href=\"https:\/\/www.aafp23.com\/index.php\/bmcsi\/\" data-type=\"page\" data-id=\"295\">Bachelor Management et Conseil en Syst\u00e8mes d\u2019Information<\/a><\/strong><\/p>\n\n\n\n<p><strong><a href=\"https:\/\/www.aafp23.com\/index.php\/bsrcc\/\" data-type=\"page\" data-id=\"298\">Bachelor Syst\u00e8mes, R\u00e9seaux et Cloud Computing<\/a><\/strong><\/p>\n<\/div>\n\n\n\n<div class=\"wp-block-group is-layout-constrained wp-block-group-is-layout-constrained\">\n<div class=\"wp-block-group has-top-bg-background-color has-text-color has-background has-link-color has-content-heading-font-size wp-elements-81813f9b6d24974471c1c8d355e66241 is-content-justification-center is-nowrap is-layout-flex wp-container-core-group-is-layout-593f9cca wp-block-group-is-layout-flex\" style=\"color:#083da8;padding-top:0;padding-bottom:0\">\n<p><strong>Admission<\/strong> : Bac<\/p>\n\n\n\n<p><strong>Dur\u00e9e<\/strong>: 3 ans<\/p>\n<\/div>\n<\/div>\n\n\n\n<div class=\"wp-block-buttons is-content-justification-center is-layout-flex wp-container-core-buttons-is-layout-a89b3969 wp-block-buttons-is-layout-flex\">\n<div class=\"wp-block-button\"><a class=\"wp-block-button__link wp-element-button\" href=\"https:\/\/www.aafp23.com\/index.php\/inscription-au-bachelor\/\">INSCRIPTION EN BACHELOR<\/a><\/div>\n<\/div>\n","protected":false},"excerpt":{"rendered":"<p>Formation Bachelor Nos fili\u00e8res: Bachelor Gestion Commerciale (GC) Bachelor Marketing et Commerce International (MCI) Bachelor Marketing Digital et Commercial (MDC) Bachelor Gestion et comptabilit\u00e9 Bachelor Administration et Ressources Humaines Bachelor Business International (Passerelle Anglophone) Bachelor D\u00e9veloppeur IA Bachelor Management et Conseil en Syst\u00e8mes d\u2019Information Bachelor Syst\u00e8mes, R\u00e9seaux et Cloud Computing Admission : Bac Dur\u00e9e: 3 [&hellip;]<\/p>\n","protected":false},"author":1,"featured_media":0,"parent":0,"menu_order":0,"comment_status":"closed","ping_status":"closed","template":"","meta":{"footnotes":""},"class_list":["post-182","page","type-page","status-publish","hentry"],"_links":{"self":[{"href":"https:\/\/www.aafp23.com\/index.php\/wp-json\/wp\/v2\/pages\/182","targetHints":{"allow":["GET"]}}],"collection":[{"href":"https:\/\/www.aafp23.com\/index.php\/wp-json\/wp\/v2\/pages"}],"about":[{"href":"https:\/\/www.aafp23.com\/index.php\/wp-json\/wp\/v2\/types\/page"}],"author":[{"embeddable":true,"href":"https:\/\/www.aafp23.com\/index.php\/wp-json\/wp\/v2\/users\/1"}],"replies":[{"embeddable":true,"href":"https:\/\/www.aafp23.com\/index.php\/wp-json\/wp\/v2\/comments?post=182"}],"version-history":[{"count":14,"href":"https:\/\/www.aafp23.com\/index.php\/wp-json\/wp\/v2\/pages\/182\/revisions"}],"predecessor-version":[{"id":344,"href":"https:\/\/www.aafp23.com\/index.php\/wp-json\/wp\/v2\/pages\/182\/revisions\/344"}],"wp:attachment":[{"href":"https:\/\/www.aafp23.com\/index.php\/wp-json\/wp\/v2\/media?parent=182"}],"curies":[{"name":"wp","href":"https:\/\/api.w.org\/{rel}","templated":true}]}}