{"id":168,"date":"2026-02-18T10:26:58","date_gmt":"2026-02-18T10:26:58","guid":{"rendered":"https:\/\/www.aafp23.com\/?page_id=168"},"modified":"2026-02-18T10:43:14","modified_gmt":"2026-02-18T10:43:14","slug":"aeef","status":"publish","type":"page","link":"https:\/\/www.aafp23.com\/index.php\/aeef\/","title":{"rendered":"Accompagnement des \u00e9tablissements d\u2019enseignement et formation"},"content":{"rendered":"\n<ul class=\"wp-block-list\">\n<li>\u00c9valuation de la recherche scientifique au Maroc;<\/li>\n\n\n\n<li>Traitement de l\u2019information et contr\u00f4le de la qualit\u00e9 des donn\u00e9es;<\/li>\n\n\n\n<li>\u00c9tude des besoins en mati\u00e8re de formation;<\/li>\n\n\n\n<li>\u00c9laboration des indicateurs de qualit\u00e9 &nbsp;de formation;<\/li>\n\n\n\n<li>\u00c9valuation&nbsp; de la qualit\u00e9&nbsp; du syst\u00e8me d\u2019enseignement sup\u00e9rieur au Maroc;<\/li>\n\n\n\n<li>Participer \u00e0 des \u00e9tudes d\u2019insertion socioprofessionnelle des stagiaires de la Formation Professionnel;<\/li>\n\n\n\n<li>\u00c9laboration du Programme National d\u2019\u00c9valuation du Syst\u00e8me d\u2019Enseignement et de Formation Maroc;<\/li>\n\n\n\n<li>\u00e9tudes et analyse&nbsp; du syst\u00e8me d\u2019enseignement scolaire&nbsp; dans les lyc\u00e9es au Maroc.<\/li>\n<\/ul>\n\n\n\n<p><strong><mark style=\"background-color:rgba(0, 0, 0, 0);color:#ca0909\" class=\"has-inline-color\">Accompagnement des jeunes<\/mark><\/strong><\/p>\n\n\n\n<ul class=\"wp-block-list\">\n<li>\u00c9laboration des programmes de promotion de l\u2019Emploi sp\u00e9cifique pour les Jeunes chercheurs d\u2019emploi;<\/li>\n\n\n\n<li>Acqu\u00e9rir aux jeunes chercheurs d\u2019emploi et des cadres les connaissances et les m\u00e9thodes d\u2019investigation les plus avanc\u00e9es dans toutes les disciplines;<\/li>\n\n\n\n<li>Mener des actions de formation permanente, de perfectionnement, de recyclage, et reconversion pour les jeunes chercheurs d\u2019emploi.<\/li>\n\n\n\n<li>Organisation des ateliers de recherche d&#8217;emploi;<\/li>\n\n\n\n<li>R\u00e9aliser des bilans de comp\u00e9tence des chercheurs d\u2019emploi;<\/li>\n\n\n\n<li>Formation des demandeurs d\u2019emplois&nbsp; sur les techniques de&nbsp; R\u00e9daction des lettre de motivation;<\/li>\n\n\n\n<li>Aides des jeunes \u00e0 se pr\u00e9parer a des entretiens d\u2019embauche;<\/li>\n\n\n\n<li>Formation des jeunes chercheurs d\u2019emplois sur:<\/li>\n<\/ul>\n\n\n\n<div class=\"wp-block-group is-layout-constrained wp-block-group-is-layout-constrained\">\n<ol class=\"wp-block-list\">\n<li>Les techniques de Prospection des entreprises par les diff\u00e9rents moyens;<\/li>\n\n\n\n<li>La Culture Entrepreneuriale et Cr\u00e9ation d\u2019Entreprise.<\/li>\n<\/ol>\n<\/div>\n\n\n\n<p><strong><mark style=\"background-color:rgba(0, 0, 0, 0);color:#ca0909\" class=\"has-inline-color\">Nos r\u00e9f\u00e9rences<\/mark><\/strong><\/p>\n\n\n\n<ul class=\"wp-block-list\">\n<li>Soci\u00e9t\u00e9s de confection et de textile;<\/li>\n\n\n\n<li>Soci\u00e9t\u00e9s industrielles ( BTP), Soci\u00e9t\u00e9s de menuiserie\u00a0 aluminium;<\/li>\n\n\n\n<li>Soci\u00e9t\u00e9s de\u00a0 m\u00e9tallurgie et m\u00e9canique etc..);<\/li>\n\n\n\n<li>Soci\u00e9t\u00e9s de fabrication des articles m\u00e9nagers;<\/li>\n\n\n\n<li>Bureaux des \u00e9tudes et de formation;<\/li>\n\n\n\n<li>Groupe d\u2019\u00e9coles sup\u00e9rieures de formation.<\/li>\n\n\n\n<li>Universit\u00e9 intercontinentale\u00a0 en Mauritanie;<\/li>\n<\/ul>\n\n\n\n<p><strong><mark style=\"background-color:rgba(0, 0, 0, 0);color:#ca0909\" class=\"has-inline-color\">Actions r\u00e9alis\u00e9es pour des d\u2019\u00e9tablissements de formation<\/mark><\/strong><\/p>\n\n\n\n<ul class=\"wp-block-list\">\n<li>Audit organisationnel\u00a0 et analyse\u00a0 des postes travail;<\/li>\n\n\n\n<li>Accompagnement des \u00e9tablissements dans le processus\u00a0 de qualit\u00e9 et accr\u00e9ditation;<\/li>\n\n\n\n<li>\u00c9valuation du syst\u00e8me de formation\u00a0 en mati\u00e8re de p\u00e9dagogie;<\/li>\n\n\n\n<li>\u00c9laboration des programmes de formation;<\/li>\n\n\n\n<li>\u00c9tudes des co\u00fbts de revient et de formation;<\/li>\n\n\n\n<li>\u00c9laboration des indicateurs de performance;<\/li>\n\n\n\n<li>Mettre en place des tableaux de bord de gestion;<\/li>\n\n\n\n<li>Formation des cadres techno-p\u00e9dagogique et formateurs.<\/li>\n<\/ul>\n\n\n\n<p><strong><mark style=\"background-color:rgba(0, 0, 0, 0);color:#ca0909\" class=\"has-inline-color\">Actions r\u00e9alis\u00e9es pour des soci\u00e9t\u00e9s industrielles\u00a0\u00a0<\/mark><\/strong><\/p>\n\n\n\n<ul class=\"wp-block-list\">\n<li>Audit organisationnel\u00a0 et \u00e9tudes des postes travail ;<\/li>\n\n\n\n<li>Gestion des approvisionnements et achats;<\/li>\n\n\n\n<li>\u00c9valuation des syst\u00e8mes de rendement et\u00a0 des salaires;<\/li>\n\n\n\n<li>\u00c9tudes des co\u00fbts de revient dans des ateliers de production;<\/li>\n\n\n\n<li>Mise en place d\u2019un syst\u00e8me de gestion de maintenance industrielle;<\/li>\n\n\n\n<li>Mise en place d\u2019un syst\u00e8me de gestion des approvisionnements et des stocks;<\/li>\n\n\n\n<li>Mise en place d\u2019un syst\u00e8me de gestion de production et de\u00a0 gestion de la qualit\u00e9;<\/li>\n\n\n\n<li>\u00c9laboration des plans de formation;<\/li>\n\n\n\n<li>Travaux de comptabilit\u00e9 et fiscale;<\/li>\n\n\n\n<li>\u00c9tudes des rendements des postes de travail;<\/li>\n\n\n\n<li>\u00c9laboration des gammes de fabrication pour tous les articles de production;<\/li>\n\n\n\n<li>\u00c9tudes des syst\u00e8mes\u00a0 de primes de production\u00a0 combin\u00e9s;<\/li>\n\n\n\n<li>Conception\u00a0 de la gestion de production assist\u00e9e par ordinateur GPAO;<\/li>\n\n\n\n<li>\u00c9laboration des tableaux de bord de gestion de production;<\/li>\n\n\n\n<li>S\u00e9lection et orientation pour le recrutement du personnel.<\/li>\n<\/ul>\n\n\n\n<p><strong><mark style=\"background-color:rgba(0, 0, 0, 0);color:#ca0909\" class=\"has-inline-color\">Charte des consultants et des experts de <\/mark><mark style=\"background-color:rgba(0, 0, 0, 0);color:#0c14bb\" class=\"has-inline-color\">2AFP<\/mark><\/strong><\/p>\n\n\n\n<ol class=\"wp-block-list\">\n<li>D\u00e9ployer une d\u00e9marche professionnelle ax\u00e9e sur l\u2019excellence, fond\u00e9e sur la transparence et la responsabilit\u00e9;<\/li>\n\n\n\n<li>Se maintenir constamment au diapason des techniques et des m\u00e9thodes afin de proposer \u00e0 nos Clients des solutions innovantes globales comp\u00e9titives et performantes;<\/li>\n\n\n\n<li>La recherche de la qualit\u00e9 professionnelle de la relation avec nos clients;<\/li>\n\n\n\n<li>Le respect de ses contraintes et des exigences en conformit\u00e9 avec le besoin de nos clients;<\/li>\n\n\n\n<li>Instaurer et maintenir une relation partenariale avec nos Clients pour analyser et identifier, les enjeux techniques, \u00e9conomiques et financiers de leurs projets;<\/li>\n\n\n\n<li>Entretenir une relation ouverte et confiante avec nos partenaires, fournisseurs et sous-traitants dans un esprit de coop\u00e9ration mutuelle, au seul b\u00e9n\u00e9fice des projets;<\/li>\n\n\n\n<li>Faire preuve d\u2019une loyaut\u00e9 totale envers ses clients et ses partenaire;<\/li>\n\n\n\n<li>Engager un fort niveau d\u2019implication dans la relation client et la recherche des r\u00e9sultats;<\/li>\n\n\n\n<li>Le Consultant agit ind\u00e9pendamment de tout int\u00e9r\u00eat particulier;<\/li>\n\n\n\n<li>Le Consultant s\u2019engage \u00e0 respecter notre approche: <mark style=\"background-color:rgba(0, 0, 0, 0);color:#0c14bb\" class=\"has-inline-color\"><strong>A2P<\/strong> <\/mark>Recherche <strong><mark style=\"background-color:rgba(0, 0, 0, 0);color:#0c14bb\" class=\"has-inline-color\">Action<\/mark><\/strong>, le travail par <strong><mark style=\"background-color:rgba(0, 0, 0, 0);color:#0c14bb\" class=\"has-inline-color\">Projet <\/mark><\/strong>et <strong><mark style=\"background-color:rgba(0, 0, 0, 0);color:#0c14bb\" class=\"has-inline-color\">Partenariat<\/mark><\/strong>.<\/li>\n<\/ol>\n\n\n\n<p><\/p>\n","protected":false},"excerpt":{"rendered":"<p>Accompagnement des jeunes Nos r\u00e9f\u00e9rences Actions r\u00e9alis\u00e9es pour des d\u2019\u00e9tablissements de formation Actions r\u00e9alis\u00e9es pour des soci\u00e9t\u00e9s industrielles\u00a0\u00a0 Charte des consultants et des experts de 2AFP<\/p>\n","protected":false},"author":1,"featured_media":0,"parent":0,"menu_order":0,"comment_status":"closed","ping_status":"closed","template":"","meta":{"footnotes":""},"class_list":["post-168","page","type-page","status-publish","hentry"],"_links":{"self":[{"href":"https:\/\/www.aafp23.com\/index.php\/wp-json\/wp\/v2\/pages\/168","targetHints":{"allow":["GET"]}}],"collection":[{"href":"https:\/\/www.aafp23.com\/index.php\/wp-json\/wp\/v2\/pages"}],"about":[{"href":"https:\/\/www.aafp23.com\/index.php\/wp-json\/wp\/v2\/types\/page"}],"author":[{"embeddable":true,"href":"https:\/\/www.aafp23.com\/index.php\/wp-json\/wp\/v2\/users\/1"}],"replies":[{"embeddable":true,"href":"https:\/\/www.aafp23.com\/index.php\/wp-json\/wp\/v2\/comments?post=168"}],"version-history":[{"count":4,"href":"https:\/\/www.aafp23.com\/index.php\/wp-json\/wp\/v2\/pages\/168\/revisions"}],"predecessor-version":[{"id":176,"href":"https:\/\/www.aafp23.com\/index.php\/wp-json\/wp\/v2\/pages\/168\/revisions\/176"}],"wp:attachment":[{"href":"https:\/\/www.aafp23.com\/index.php\/wp-json\/wp\/v2\/media?parent=168"}],"curies":[{"name":"wp","href":"https:\/\/api.w.org\/{rel}","templated":true}]}}