{"id":165,"date":"2026-02-18T10:13:13","date_gmt":"2026-02-18T10:13:13","guid":{"rendered":"https:\/\/www.aafp23.com\/?page_id=165"},"modified":"2026-02-18T10:13:41","modified_gmt":"2026-02-18T10:13:41","slug":"ddi","status":"publish","type":"page","link":"https:\/\/www.aafp23.com\/index.php\/ddi\/","title":{"rendered":"D\u00e9partement D\u00e9veloppement informatique"},"content":{"rendered":"\n<ul class=\"wp-block-list\">\n<li>Conception de logiciels sur mesure;<\/li>\n\n\n\n<li>Conseil et\u00a0 orientation au mieux vers des solutions logicielles adapt\u00e9es aux\u00a0 besoins exprim\u00e9s.;\u00a0<\/li>\n\n\n\n<li>Accompagnement dans la concr\u00e9tisation des projets;<\/li>\n\n\n\n<li>Mise \u00e0 la disposition des entreprise des outils adapt\u00e9s et d\u00e9di\u00e9s aux entreprises;<\/li>\n\n\n\n<li>Une gestion optimis\u00e9e pour un gain de temps;<\/li>\n\n\n\n<li>Une gestion optimis\u00e9e pour un gain de temps;<\/li>\n\n\n\n<li>Le d\u00e9veloppement\u00a0des applications informatiques sur mesure \u00e0 la demande\u00a0(Gestion des stocks, de production et de Maintenance).<\/li>\n<\/ul>\n\n\n\n<p>Notre \u00e9quipe dispose de comp\u00e9tences professionnelles confirm\u00e9es dans la gestion de projets Informatiques, de la conception logicielle au d\u00e9veloppement web, en passant par la maintenance (logicielle et mat\u00e9rielle),<\/p>\n\n\n\n<p><\/p>\n","protected":false},"excerpt":{"rendered":"<p>Notre \u00e9quipe dispose de comp\u00e9tences professionnelles confirm\u00e9es dans la gestion de projets Informatiques, de la conception logicielle au d\u00e9veloppement web, en passant par la maintenance (logicielle et mat\u00e9rielle),<\/p>\n","protected":false},"author":1,"featured_media":0,"parent":0,"menu_order":0,"comment_status":"closed","ping_status":"closed","template":"","meta":{"footnotes":""},"class_list":["post-165","page","type-page","status-publish","hentry"],"_links":{"self":[{"href":"https:\/\/www.aafp23.com\/index.php\/wp-json\/wp\/v2\/pages\/165","targetHints":{"allow":["GET"]}}],"collection":[{"href":"https:\/\/www.aafp23.com\/index.php\/wp-json\/wp\/v2\/pages"}],"about":[{"href":"https:\/\/www.aafp23.com\/index.php\/wp-json\/wp\/v2\/types\/page"}],"author":[{"embeddable":true,"href":"https:\/\/www.aafp23.com\/index.php\/wp-json\/wp\/v2\/users\/1"}],"replies":[{"embeddable":true,"href":"https:\/\/www.aafp23.com\/index.php\/wp-json\/wp\/v2\/comments?post=165"}],"version-history":[{"count":1,"href":"https:\/\/www.aafp23.com\/index.php\/wp-json\/wp\/v2\/pages\/165\/revisions"}],"predecessor-version":[{"id":166,"href":"https:\/\/www.aafp23.com\/index.php\/wp-json\/wp\/v2\/pages\/165\/revisions\/166"}],"wp:attachment":[{"href":"https:\/\/www.aafp23.com\/index.php\/wp-json\/wp\/v2\/media?parent=165"}],"curies":[{"name":"wp","href":"https:\/\/api.w.org\/{rel}","templated":true}]}}