{"id":161,"date":"2026-02-18T10:06:28","date_gmt":"2026-02-18T10:06:28","guid":{"rendered":"https:\/\/www.aafp23.com\/?page_id=161"},"modified":"2026-02-18T10:08:29","modified_gmt":"2026-02-18T10:08:29","slug":"ddgca","status":"publish","type":"page","link":"https:\/\/www.aafp23.com\/index.php\/ddgca\/","title":{"rendered":"D\u00e9partement\u00a0 d\u2019expertise\u00a0 en Gestion comptable agr\u00e9er par le minist\u00e8re de finance"},"content":{"rendered":"\n<ul class=\"wp-block-list\">\n<li>Tenue de comptabilit\u00e9 g\u00e9n\u00e9rale;<\/li>\n\n\n\n<li>Mise en place de\u00a0 la comptabilit\u00e9 analytique;<\/li>\n\n\n\n<li>Analyse financi\u00e8re des entreprises;<\/li>\n\n\n\n<li>Analyser et organiser les syst\u00e8mes comptables;<\/li>\n\n\n\n<li>Conseiller et entreprendre des travaux d\u2019ordre juridique, fiscal, financier;<\/li>\n\n\n\n<li>Comptable, \u00e9conomique, organisationnel et en gestion de mani\u00e8re g\u00e9n\u00e9rale se rapportant \u00e0 la vie des entreprises et des organismes;<\/li>\n\n\n\n<li>\u00c9tablir toutes les d\u00e9clarations juridiques;<\/li>\n\n\n\n<li>Sociales, fiscales et administratives en\u00a0 rapport avec les travaux comptables;<\/li>\n\n\n\n<li>Assister et repr\u00e9senter ses clients aupr\u00e8s de l\u2019Administration;<\/li>\n\n\n\n<li>Intervenir dans le diagnostic et l\u2019\u00e9valuation de l\u2019entreprise ainsi que dans ses relations avec les organismes financiers;<\/li>\n\n\n\n<li>Les entreprises ne disposant pas de comptable salari\u00e9, sont tenues de faire appel \u00e0 un expert-comptable ou \u00e0 un comptable agr\u00e9e pour la tenue de leur comptabilit\u00e9.<\/li>\n<\/ul>\n\n\n\n<p><\/p>\n","protected":false},"excerpt":{"rendered":"","protected":false},"author":1,"featured_media":0,"parent":0,"menu_order":0,"comment_status":"closed","ping_status":"closed","template":"","meta":{"footnotes":""},"class_list":["post-161","page","type-page","status-publish","hentry"],"_links":{"self":[{"href":"https:\/\/www.aafp23.com\/index.php\/wp-json\/wp\/v2\/pages\/161","targetHints":{"allow":["GET"]}}],"collection":[{"href":"https:\/\/www.aafp23.com\/index.php\/wp-json\/wp\/v2\/pages"}],"about":[{"href":"https:\/\/www.aafp23.com\/index.php\/wp-json\/wp\/v2\/types\/page"}],"author":[{"embeddable":true,"href":"https:\/\/www.aafp23.com\/index.php\/wp-json\/wp\/v2\/users\/1"}],"replies":[{"embeddable":true,"href":"https:\/\/www.aafp23.com\/index.php\/wp-json\/wp\/v2\/comments?post=161"}],"version-history":[{"count":2,"href":"https:\/\/www.aafp23.com\/index.php\/wp-json\/wp\/v2\/pages\/161\/revisions"}],"predecessor-version":[{"id":164,"href":"https:\/\/www.aafp23.com\/index.php\/wp-json\/wp\/v2\/pages\/161\/revisions\/164"}],"wp:attachment":[{"href":"https:\/\/www.aafp23.com\/index.php\/wp-json\/wp\/v2\/media?parent=161"}],"curies":[{"name":"wp","href":"https:\/\/api.w.org\/{rel}","templated":true}]}}