{"id":158,"date":"2026-02-18T10:01:08","date_gmt":"2026-02-18T10:01:08","guid":{"rendered":"https:\/\/www.aafp23.com\/?page_id=158"},"modified":"2026-02-18T10:01:40","modified_gmt":"2026-02-18T10:01:40","slug":"dasac","status":"publish","type":"page","link":"https:\/\/www.aafp23.com\/index.php\/dasac\/","title":{"rendered":"D\u00e9partement\u00a0 Audit Social &#8211; assistance &#8211; conseil\u00a0"},"content":{"rendered":"\n<ul class=\"wp-block-list\">\n<li>Accompagnement \u00e0 toutes les \u00e9tapes de la mise en place pour la Certification de qualit\u00e9 selon les normes internationales;<\/li>\n\n\n\n<li>\u00c9laboration des manuels\u00a0 des proc\u00e9dures des syst\u00e8mes de\u00a0 gestion, de production;<\/li>\n\n\n\n<li>Audit organisationnel des op\u00e9rations et\u00a0 du syst\u00e8me de gestion des ressources humaines;<\/li>\n\n\n\n<li>Audit des syst\u00e8mes de gestion de production, de\u00a0 maintenance, de qualit\u00e9 et des syst\u00e8mes\u00a0 d\u2019information, de maintenance et de qualit\u00e9 selon des normes internationales;<\/li>\n\n\n\n<li>\u00c9valuation de la recherche scientifique au Maroc;<\/li>\n\n\n\n<li>\u00c9valuation\u00a0 de la qualit\u00e9\u00a0 du syst\u00e8me d\u2019enseignement sup\u00e9rieur au Maroc;<\/li>\n\n\n\n<li>Participer\u00a0 \u00e0 des \u00e9tudes d\u2019insertion socioprofessionnelle des stagiaires de\u00a0 Formation Professionnel;<\/li>\n\n\n\n<li>\u00c9laboration du Programme National d\u2019\u00c9valuation du Syst\u00e8me d\u2019Enseignement et de Formation Maroc;<\/li>\n\n\n\n<li>\u00c9valuation\u00a0 de la qualit\u00e9\u00a0 du syst\u00e8me de formation professionnelle au Maroc ; \u00e9tudes et analyse\u00a0 du syst\u00e8me d\u2019enseignement scolaire\u00a0 dans les lyc\u00e9es au Maroc.<\/li>\n<\/ul>\n\n\n\n<p><\/p>\n","protected":false},"excerpt":{"rendered":"","protected":false},"author":1,"featured_media":0,"parent":0,"menu_order":0,"comment_status":"closed","ping_status":"closed","template":"","meta":{"footnotes":""},"class_list":["post-158","page","type-page","status-publish","hentry"],"_links":{"self":[{"href":"https:\/\/www.aafp23.com\/index.php\/wp-json\/wp\/v2\/pages\/158","targetHints":{"allow":["GET"]}}],"collection":[{"href":"https:\/\/www.aafp23.com\/index.php\/wp-json\/wp\/v2\/pages"}],"about":[{"href":"https:\/\/www.aafp23.com\/index.php\/wp-json\/wp\/v2\/types\/page"}],"author":[{"embeddable":true,"href":"https:\/\/www.aafp23.com\/index.php\/wp-json\/wp\/v2\/users\/1"}],"replies":[{"embeddable":true,"href":"https:\/\/www.aafp23.com\/index.php\/wp-json\/wp\/v2\/comments?post=158"}],"version-history":[{"count":1,"href":"https:\/\/www.aafp23.com\/index.php\/wp-json\/wp\/v2\/pages\/158\/revisions"}],"predecessor-version":[{"id":159,"href":"https:\/\/www.aafp23.com\/index.php\/wp-json\/wp\/v2\/pages\/158\/revisions\/159"}],"wp:attachment":[{"href":"https:\/\/www.aafp23.com\/index.php\/wp-json\/wp\/v2\/media?parent=158"}],"curies":[{"name":"wp","href":"https:\/\/api.w.org\/{rel}","templated":true}]}}