{"id":155,"date":"2026-02-18T09:54:09","date_gmt":"2026-02-18T09:54:09","guid":{"rendered":"https:\/\/www.aafp23.com\/?page_id=155"},"modified":"2026-02-18T09:55:46","modified_gmt":"2026-02-18T09:55:46","slug":"derd","status":"publish","type":"page","link":"https:\/\/www.aafp23.com\/index.php\/derd\/","title":{"rendered":"D\u00e9partement \u00c9tudes et\u00a0 Recherches\u00a0 de\u00a0 D\u00e9veloppement\u00a0"},"content":{"rendered":"\n<p><\/p>\n\n\n\n<ul class=\"wp-block-list\">\n<li>\u00c9tude\u00a0 et \u00e9valuation des syst\u00e8mes de gestion et d\u2019organisation production maintenance et qualit\u00e9\u00a0;\u00a0\u00a0\u00a0<\/li>\n\n\n\n<li>\u00c9tudes des rendements des postes de travail (analyse, chronom\u00e9trage, \u00e9tudes d\u2019\u00e9quilibrage, etc..)\u00a0;<\/li>\n\n\n\n<li>\u00c9tudes\u00a0 techniques et \u00e9conomiques et sectorielle;<\/li>\n\n\n\n<li>Le d\u00e9veloppement des applications sp\u00e9cifique et \u00e0 la demande\u00a0;<\/li>\n\n\n\n<li>\u00c9tudes des projets industriels, \u00e9tude\u00a0 des syst\u00e8mes\u00a0: de gestion de production, de maintenance,\u00a0 de gestion de de la qualit\u00e9 selon des normes internationales;<\/li>\n\n\n\n<li>\u00c9tudes et mise en place des syst\u00e8mes d\u2019information, de gestion des ressources humaines, de gestion Financi\u00e8re et de la qualit\u00e9 selon des normes exig\u00e9es;<\/li>\n\n\n\n<li>\u00c9tude\u00a0 et \u00e9valuation des syst\u00e8mes\u00a0 de production, de\u00a0\u00a0 maintenance\u00a0 et de qualit\u00e9\u00a0; \u00c9tude, analyse et\u00a0 \u00e9valuation des syst\u00e8mes\u00a0 de formation et apprentissage.<\/li>\n<\/ul>\n","protected":false},"excerpt":{"rendered":"","protected":false},"author":1,"featured_media":0,"parent":0,"menu_order":0,"comment_status":"closed","ping_status":"closed","template":"","meta":{"footnotes":""},"class_list":["post-155","page","type-page","status-publish","hentry"],"_links":{"self":[{"href":"https:\/\/www.aafp23.com\/index.php\/wp-json\/wp\/v2\/pages\/155","targetHints":{"allow":["GET"]}}],"collection":[{"href":"https:\/\/www.aafp23.com\/index.php\/wp-json\/wp\/v2\/pages"}],"about":[{"href":"https:\/\/www.aafp23.com\/index.php\/wp-json\/wp\/v2\/types\/page"}],"author":[{"embeddable":true,"href":"https:\/\/www.aafp23.com\/index.php\/wp-json\/wp\/v2\/users\/1"}],"replies":[{"embeddable":true,"href":"https:\/\/www.aafp23.com\/index.php\/wp-json\/wp\/v2\/comments?post=155"}],"version-history":[{"count":1,"href":"https:\/\/www.aafp23.com\/index.php\/wp-json\/wp\/v2\/pages\/155\/revisions"}],"predecessor-version":[{"id":156,"href":"https:\/\/www.aafp23.com\/index.php\/wp-json\/wp\/v2\/pages\/155\/revisions\/156"}],"wp:attachment":[{"href":"https:\/\/www.aafp23.com\/index.php\/wp-json\/wp\/v2\/media?parent=155"}],"curies":[{"name":"wp","href":"https:\/\/api.w.org\/{rel}","templated":true}]}}